{"id":7325,"date":"2023-08-25T07:07:32","date_gmt":"2023-08-25T07:07:32","guid":{"rendered":"https:\/\/verbierlanguageschool.com\/french\/?page_id=7325"},"modified":"2024-07-29T09:07:39","modified_gmt":"2024-07-29T09:07:39","slug":"termes-et-conditions-de-vls","status":"publish","type":"page","link":"https:\/\/verbierlanguageschool.com\/french\/termes-et-conditions-de-vls\/","title":{"rendered":"Termes et conditions de VLS"},"content":{"rendered":"<p>[vc_row css=&#8221;.vc_custom_1690304632874{padding-top: 50px !important;padding-bottom: 0px !important;}&#8221; el_class=&#8221;site-wrap-mbl&#8221;][vc_column][vc_column_text]<span style=\"font-size: 18pt;\"><strong>Conditions d\u2019inscription<\/strong><\/span><br \/>\nVoici toutes les informations dont vous avez besoin lorsque vous r\u00e9servez avec Verbier Language School ou VLS sur les pistes. Nous conseillons \u00e0 toute personne souhaitant r\u00e9server des cours avec nous de lire attentivement nos conditions g\u00e9n\u00e9rales. Si vous avez des questions, vous pouvez bien \u00e9videmment nous contacter en nous \u00e9crivant.<\/p>\n<p>Au moment de la r\u00e9servation, des arrhes \u00e9quivalant \u00e0 50% de la somme totale due doivent \u00eatre pay\u00e9es. Nous acceptons les paiements par Visa, Mastercard, Maestro, virement bancaire ou en esp\u00e8ces. Le montant total de la somme due doit \u00eatre pay\u00e9 avant le d\u00e9but des cours. Verbier Language School et VLS sur les pistes se r\u00e9servent le droit de refuser les clients qui n\u2019auraient pas pay\u00e9 le montant total avant le d\u00e9but des cours.<\/p>\n<p>Lorsque vous effectuez un virement bancaire international, nous vous prions de v\u00e9rifier \u00e9galement le paiement des frais bancaires afin que la totalit\u00e9 de la somme due nous soit vers\u00e9e.<\/p>\n<p><span style=\"font-size: 14pt;\"><strong><u>Modification ou annulation de la r\u00e9servation\u00a0:<\/u><\/strong><\/span><\/p>\n<p>Pour toute modification ou annulation dans les 7 jours pr\u00e9c\u00e9dant le cours, le client devra s\u2019acquitter du 100% de la somme due.<\/p>\n<p>Pour toute modification ou annulation dans les 15 jours pr\u00e9c\u00e9dant le cours, le client devra s\u2019acquitter du 50% de la somme due.<\/p>\n<p>Verbier Language School, contre remboursement, se r\u00e9serve le droit d\u2019annuler le cours en groupe s\u2019il n\u2019y a pas assez d\u2019inscrits.<\/p>\n<p>Verbier Language School et VLS sur les pistes ne peuvent pas \u00eatre tenues responsables des conditions m\u00e9t\u00e9orologiques, des probl\u00e8mes techniques des remont\u00e9es m\u00e9caniques ou tout autre incident ind\u00e9pendant de la volont\u00e9 de notre soci\u00e9t\u00e9. Il en est de m\u00eame en cas de maladie ou accident. Le client devra donc s&#8217;acquitter du 100% de la somme due. Verbier Language School et VLS sur les pistes d\u00e9clinent toute responsabilit\u00e9 en cas d\u2019accident. Chaque participant doit \u00eatre au b\u00e9n\u00e9fice de sa propre assurance maladie, accident, RC et annulation. Verbier Language School et VLS sur les pistes n\u2019assurent pas les clients de l\u2019\u00e9cole. Le forfait de ski n\u2019est pas compris dans le tarif des cours.<\/p>\n<p>Nos professeurs et moniteurs de ski attendront les clients pendant 15 minutes. Si le client n\u2019a pas averti le bureau, le professeur ou le moniteur lors de ces 15 minutes, le client perdra son cours.[\/vc_column_text][\/vc_column][\/vc_row]<\/p>\n","protected":false},"excerpt":{"rendered":"<p>[vc_row css=&#8221;.vc_custom_1690304632874{padding-top: 50px !important;padding-bottom: 0px !important;}&#8221; el_class=&#8221;site-wrap-mbl&#8221;][vc_column][vc_column_text]Conditions d\u2019inscription Voici toutes les informations dont vous avez besoin lorsque vous r\u00e9servez avec Verbier Language School ou VLS sur les pistes. Nous conseillons \u00e0 toute personne souhaitant r\u00e9server des cours avec nous de lire attentivement nos conditions g\u00e9n\u00e9rales. Si vous avez des questions, vous pouvez bien \u00e9videmment nous [&hellip;]<\/p>\n","protected":false},"author":1,"featured_media":0,"parent":0,"menu_order":0,"comment_status":"closed","ping_status":"closed","template":"","meta":{"footnotes":""},"class_list":["post-7325","page","type-page","status-publish","hentry"],"yoast_head":"<!-- This site is optimized with the Yoast SEO plugin v21.5 - https:\/\/yoast.com\/wordpress\/plugins\/seo\/ -->\n<title>Termes et conditions de VLS - Verbier Language School<\/title>\n<meta name=\"robots\" content=\"index, follow, max-snippet:-1, max-image-preview:large, max-video-preview:-1\" \/>\n<link rel=\"canonical\" href=\"https:\/\/verbierlanguageschool.com\/french\/termes-et-conditions-de-vls\/\" \/>\n<meta property=\"og:locale\" content=\"en_US\" \/>\n<meta property=\"og:type\" content=\"article\" \/>\n<meta property=\"og:title\" content=\"Termes et conditions de VLS - Verbier Language School\" \/>\n<meta property=\"og:description\" content=\"[vc_row css=&#8221;.vc_custom_1690304632874{padding-top: 50px !important;padding-bottom: 0px !important;}&#8221; el_class=&#8221;site-wrap-mbl&#8221;][vc_column][vc_column_text]Conditions d\u2019inscription Voici toutes les informations dont vous avez besoin lorsque vous r\u00e9servez avec Verbier Language School ou VLS sur les pistes. Nous conseillons \u00e0 toute personne souhaitant r\u00e9server des cours avec nous de lire attentivement nos conditions g\u00e9n\u00e9rales. Si vous avez des questions, vous pouvez bien \u00e9videmment nous [&hellip;]\" \/>\n<meta property=\"og:url\" content=\"https:\/\/verbierlanguageschool.com\/french\/termes-et-conditions-de-vls\/\" \/>\n<meta property=\"og:site_name\" content=\"Verbier Language School\" \/>\n<meta property=\"article:modified_time\" content=\"2024-07-29T09:07:39+00:00\" \/>\n<meta name=\"twitter:card\" content=\"summary_large_image\" \/>\n<meta name=\"twitter:label1\" content=\"Est. reading time\" \/>\n\t<meta name=\"twitter:data1\" content=\"2 minutes\" \/>\n<script type=\"application\/ld+json\" class=\"yoast-schema-graph\">{\"@context\":\"https:\/\/schema.org\",\"@graph\":[{\"@type\":\"WebPage\",\"@id\":\"https:\/\/verbierlanguageschool.com\/french\/termes-et-conditions-de-vls\/\",\"url\":\"https:\/\/verbierlanguageschool.com\/french\/termes-et-conditions-de-vls\/\",\"name\":\"Termes et conditions de VLS - Verbier Language School\",\"isPartOf\":{\"@id\":\"https:\/\/verbierlanguageschool.com\/french\/#website\"},\"datePublished\":\"2023-08-25T07:07:32+00:00\",\"dateModified\":\"2024-07-29T09:07:39+00:00\",\"breadcrumb\":{\"@id\":\"https:\/\/verbierlanguageschool.com\/french\/termes-et-conditions-de-vls\/#breadcrumb\"},\"inLanguage\":\"en-US\",\"potentialAction\":[{\"@type\":\"ReadAction\",\"target\":[\"https:\/\/verbierlanguageschool.com\/french\/termes-et-conditions-de-vls\/\"]}]},{\"@type\":\"BreadcrumbList\",\"@id\":\"https:\/\/verbierlanguageschool.com\/french\/termes-et-conditions-de-vls\/#breadcrumb\",\"itemListElement\":[{\"@type\":\"ListItem\",\"position\":1,\"name\":\"Home\",\"item\":\"https:\/\/verbierlanguageschool.com\/french\/\"},{\"@type\":\"ListItem\",\"position\":2,\"name\":\"Termes et conditions de VLS\"}]},{\"@type\":\"WebSite\",\"@id\":\"https:\/\/verbierlanguageschool.com\/french\/#website\",\"url\":\"https:\/\/verbierlanguageschool.com\/french\/\",\"name\":\"Verbier Language School\",\"description\":\"\",\"potentialAction\":[{\"@type\":\"SearchAction\",\"target\":{\"@type\":\"EntryPoint\",\"urlTemplate\":\"https:\/\/verbierlanguageschool.com\/french\/?s={search_term_string}\"},\"query-input\":\"required name=search_term_string\"}],\"inLanguage\":\"en-US\"}]}<\/script>\n<!-- \/ Yoast SEO plugin. -->","yoast_head_json":{"title":"Termes et conditions de VLS - Verbier Language School","robots":{"index":"index","follow":"follow","max-snippet":"max-snippet:-1","max-image-preview":"max-image-preview:large","max-video-preview":"max-video-preview:-1"},"canonical":"https:\/\/verbierlanguageschool.com\/french\/termes-et-conditions-de-vls\/","og_locale":"en_US","og_type":"article","og_title":"Termes et conditions de VLS - Verbier Language School","og_description":"[vc_row css=&#8221;.vc_custom_1690304632874{padding-top: 50px !important;padding-bottom: 0px !important;}&#8221; el_class=&#8221;site-wrap-mbl&#8221;][vc_column][vc_column_text]Conditions d\u2019inscription Voici toutes les informations dont vous avez besoin lorsque vous r\u00e9servez avec Verbier Language School ou VLS sur les pistes. Nous conseillons \u00e0 toute personne souhaitant r\u00e9server des cours avec nous de lire attentivement nos conditions g\u00e9n\u00e9rales. Si vous avez des questions, vous pouvez bien \u00e9videmment nous [&hellip;]","og_url":"https:\/\/verbierlanguageschool.com\/french\/termes-et-conditions-de-vls\/","og_site_name":"Verbier Language School","article_modified_time":"2024-07-29T09:07:39+00:00","twitter_card":"summary_large_image","twitter_misc":{"Est. reading time":"2 minutes"},"schema":{"@context":"https:\/\/schema.org","@graph":[{"@type":"WebPage","@id":"https:\/\/verbierlanguageschool.com\/french\/termes-et-conditions-de-vls\/","url":"https:\/\/verbierlanguageschool.com\/french\/termes-et-conditions-de-vls\/","name":"Termes et conditions de VLS - Verbier Language School","isPartOf":{"@id":"https:\/\/verbierlanguageschool.com\/french\/#website"},"datePublished":"2023-08-25T07:07:32+00:00","dateModified":"2024-07-29T09:07:39+00:00","breadcrumb":{"@id":"https:\/\/verbierlanguageschool.com\/french\/termes-et-conditions-de-vls\/#breadcrumb"},"inLanguage":"en-US","potentialAction":[{"@type":"ReadAction","target":["https:\/\/verbierlanguageschool.com\/french\/termes-et-conditions-de-vls\/"]}]},{"@type":"BreadcrumbList","@id":"https:\/\/verbierlanguageschool.com\/french\/termes-et-conditions-de-vls\/#breadcrumb","itemListElement":[{"@type":"ListItem","position":1,"name":"Home","item":"https:\/\/verbierlanguageschool.com\/french\/"},{"@type":"ListItem","position":2,"name":"Termes et conditions de VLS"}]},{"@type":"WebSite","@id":"https:\/\/verbierlanguageschool.com\/french\/#website","url":"https:\/\/verbierlanguageschool.com\/french\/","name":"Verbier Language School","description":"","potentialAction":[{"@type":"SearchAction","target":{"@type":"EntryPoint","urlTemplate":"https:\/\/verbierlanguageschool.com\/french\/?s={search_term_string}"},"query-input":"required name=search_term_string"}],"inLanguage":"en-US"}]}},"_links":{"self":[{"href":"https:\/\/verbierlanguageschool.com\/french\/wp-json\/wp\/v2\/pages\/7325","targetHints":{"allow":["GET"]}}],"collection":[{"href":"https:\/\/verbierlanguageschool.com\/french\/wp-json\/wp\/v2\/pages"}],"about":[{"href":"https:\/\/verbierlanguageschool.com\/french\/wp-json\/wp\/v2\/types\/page"}],"author":[{"embeddable":true,"href":"https:\/\/verbierlanguageschool.com\/french\/wp-json\/wp\/v2\/users\/1"}],"replies":[{"embeddable":true,"href":"https:\/\/verbierlanguageschool.com\/french\/wp-json\/wp\/v2\/comments?post=7325"}],"version-history":[{"count":8,"href":"https:\/\/verbierlanguageschool.com\/french\/wp-json\/wp\/v2\/pages\/7325\/revisions"}],"predecessor-version":[{"id":7483,"href":"https:\/\/verbierlanguageschool.com\/french\/wp-json\/wp\/v2\/pages\/7325\/revisions\/7483"}],"wp:attachment":[{"href":"https:\/\/verbierlanguageschool.com\/french\/wp-json\/wp\/v2\/media?parent=7325"}],"curies":[{"name":"wp","href":"https:\/\/api.w.org\/{rel}","templated":true}]}}