{"id":7322,"date":"2023-08-25T06:52:42","date_gmt":"2023-08-25T06:52:42","guid":{"rendered":"https:\/\/verbierlanguageschool.com\/french\/?page_id=7322"},"modified":"2024-07-29T08:43:35","modified_gmt":"2024-07-29T08:43:35","slug":"test-fide-conditions-dinscription","status":"publish","type":"page","link":"https:\/\/verbierlanguageschool.com\/french\/test-fide-conditions-dinscription\/","title":{"rendered":"Test fide &#8211; Conditions d&#8217;inscription"},"content":{"rendered":"<p>[vc_row css=&#8221;.vc_custom_1690305007529{padding-top: 50px !important;padding-bottom: 0px !important;}&#8221; el_class=&#8221;site-wrap-mbl&#8221;][vc_column][vc_column_text]1. <a href=\"https:\/\/verbierlanguageschool.com\/french\/contact-find-us\/\">L&#8217;inscription se fait en contactant Verbier Language\u202fSchool <\/a><\/p>\n<p>2. Un formulaire d\u2019inscription sera envoy\u00e9 \u00e0 chaque participant.<\/p>\n<p>3. Une confirmation d&#8217;inscription au test\u202ffide sera envoy\u00e9e automatiquement\u202f\u00e0 chaque participant imm\u00e9diatement apr\u00e8s l&#8217;inscription.<\/p>\n<p>4. Une facture du montant des frais d&#8217;inscription au test\u202ffide sera envoy\u00e9e \u00e0 l&#8217;adresse e-mail indiqu\u00e9e par le participant.<\/p>\n<p>5. Les frais d&#8217;inscription au test\u202ffide doivent \u00eatre r\u00e9gl\u00e9s avant la premi\u00e8re date de l&#8217;examen. La preuve de paiement sera demand\u00e9e au participant lors de sa premi\u00e8re \u00e9preuve.<\/p>\n<p>6. Le participant recevra une convocation au test\u202ffide indiquant les dates et horaires pr\u00e9cis de son test au plus tard 2 semaines avant la date du test.\u202fIl n&#8217;est pas possible de r\u00e9server un jour ou une heure sp\u00e9cifique pour l\u2019examen.<\/p>\n<p>7. Toute modification, annulation ou autre demande doivent imp\u00e9rativement \u00eatre faites par e-mail pour pouvoir \u00eatre prises en compte.<\/p>\n<p>8. Toute annulation, formul\u00e9e par \u00e9crit \u00e0 l\u2019administration de Verbier Language School au plus tard\u00a015 jours avant la premi\u00e8re date du test\u00a0permettra de donner lieu au remboursement des frais d\u2019inscription avec une retenue de CHF 80.- pour frais administratifs.<br \/>\nVous trouverez la date du prochain test fide en cliquant sur ce lien: <a href=\"https:\/\/verbierlanguageschool.com\/french\/test-fide-passeport-de-langues-et-naturalisation\/\">https:\/\/verbierlanguageschool.com\/french\/test-fide-passeport-de-langues-et-naturalisation\/<\/a><\/p>\n<p>9. <span lang=\"aa\">En cas d\u2019annulation dans les 14 jours avant la premi\u00e8re date du test ou d\u2019absence le jour de l\u2019\u00e9valuation, aucun remboursement ne pourra \u00eatre effectu\u00e9. <\/span><span lang=\"aa\">Vous trouverez la date du prochain test fide en cliquant sur ce lien: <a href=\"https:\/\/verbierlanguageschool.com\/french\/test-fide-passeport-de-langues-et-naturalisation\/\">https:\/\/verbierlanguageschool.com\/french\/test-fide-passeport-de-langues-et-naturalisation\/<\/a><\/span><\/p>\n<p>10. En cas d\u2019annulation exceptionnelle du test fide de la part de Verbier Language School,\u00a0pour cause de maladie ou d\u2019un nombre d\u2019inscrits insuffisant,\u00a0la totalit\u00e9 du montant de l\u2019inscription sera rembours\u00e9e.<\/p>\n<p>11. En cas de non-r\u00e9ception par Verbier Language School du paiement des frais d\u2019examen \u00e0 la date de votre premi\u00e8re \u00e9preuve, Verbier Language School se r\u00e9serve le droit de ne pas vous accepter \u00e0 l\u2019examen.<\/p>\n<p>12. Le jour de l\u2019examen, se munir\u00a0d\u2019une pi\u00e8ce d\u2019identit\u00e9.<\/p>\n<p>13. Veuillez pr\u00e9voir 4 semaines apr\u00e8s la date de l&#8217;\u00e9crit pour recevoir vos r\u00e9sultats.[\/vc_column_text][\/vc_column][\/vc_row]<\/p>\n","protected":false},"excerpt":{"rendered":"<p>[vc_row css=&#8221;.vc_custom_1690305007529{padding-top: 50px !important;padding-bottom: 0px !important;}&#8221; el_class=&#8221;site-wrap-mbl&#8221;][vc_column][vc_column_text]1. L&#8217;inscription se fait en contactant Verbier Language\u202fSchool 2. Un formulaire d\u2019inscription sera envoy\u00e9 \u00e0 chaque participant. 3. Une confirmation d&#8217;inscription au test\u202ffide sera envoy\u00e9e automatiquement\u202f\u00e0 chaque participant imm\u00e9diatement apr\u00e8s l&#8217;inscription. 4. Une facture du montant des frais d&#8217;inscription au test\u202ffide sera envoy\u00e9e \u00e0 l&#8217;adresse e-mail indiqu\u00e9e par le [&hellip;]<\/p>\n","protected":false},"author":1,"featured_media":0,"parent":0,"menu_order":0,"comment_status":"closed","ping_status":"closed","template":"","meta":{"footnotes":""},"class_list":["post-7322","page","type-page","status-publish","hentry"],"yoast_head":"<!-- This site is optimized with the Yoast SEO plugin v21.5 - https:\/\/yoast.com\/wordpress\/plugins\/seo\/ -->\n<title>Test fide - Conditions d&#039;inscription - Verbier Language School<\/title>\n<meta name=\"robots\" content=\"index, follow, max-snippet:-1, max-image-preview:large, max-video-preview:-1\" \/>\n<link rel=\"canonical\" href=\"https:\/\/verbierlanguageschool.com\/french\/test-fide-conditions-dinscription\/\" \/>\n<meta property=\"og:locale\" content=\"en_US\" \/>\n<meta property=\"og:type\" content=\"article\" \/>\n<meta property=\"og:title\" content=\"Test fide - Conditions d&#039;inscription - Verbier Language School\" \/>\n<meta property=\"og:description\" content=\"[vc_row css=&#8221;.vc_custom_1690305007529{padding-top: 50px !important;padding-bottom: 0px !important;}&#8221; el_class=&#8221;site-wrap-mbl&#8221;][vc_column][vc_column_text]1. L&#8217;inscription se fait en contactant Verbier Language\u202fSchool 2. Un formulaire d\u2019inscription sera envoy\u00e9 \u00e0 chaque participant. 3. Une confirmation d&#8217;inscription au test\u202ffide sera envoy\u00e9e automatiquement\u202f\u00e0 chaque participant imm\u00e9diatement apr\u00e8s l&#8217;inscription. 4. Une facture du montant des frais d&#8217;inscription au test\u202ffide sera envoy\u00e9e \u00e0 l&#8217;adresse e-mail indiqu\u00e9e par le [&hellip;]\" \/>\n<meta property=\"og:url\" content=\"https:\/\/verbierlanguageschool.com\/french\/test-fide-conditions-dinscription\/\" \/>\n<meta property=\"og:site_name\" content=\"Verbier Language School\" \/>\n<meta property=\"article:modified_time\" content=\"2024-07-29T08:43:35+00:00\" \/>\n<meta name=\"twitter:card\" content=\"summary_large_image\" \/>\n<meta name=\"twitter:label1\" content=\"Est. reading time\" \/>\n\t<meta name=\"twitter:data1\" content=\"2 minutes\" \/>\n<script type=\"application\/ld+json\" class=\"yoast-schema-graph\">{\"@context\":\"https:\/\/schema.org\",\"@graph\":[{\"@type\":\"WebPage\",\"@id\":\"https:\/\/verbierlanguageschool.com\/french\/test-fide-conditions-dinscription\/\",\"url\":\"https:\/\/verbierlanguageschool.com\/french\/test-fide-conditions-dinscription\/\",\"name\":\"Test fide - Conditions d'inscription - Verbier Language School\",\"isPartOf\":{\"@id\":\"https:\/\/verbierlanguageschool.com\/french\/#website\"},\"datePublished\":\"2023-08-25T06:52:42+00:00\",\"dateModified\":\"2024-07-29T08:43:35+00:00\",\"breadcrumb\":{\"@id\":\"https:\/\/verbierlanguageschool.com\/french\/test-fide-conditions-dinscription\/#breadcrumb\"},\"inLanguage\":\"en-US\",\"potentialAction\":[{\"@type\":\"ReadAction\",\"target\":[\"https:\/\/verbierlanguageschool.com\/french\/test-fide-conditions-dinscription\/\"]}]},{\"@type\":\"BreadcrumbList\",\"@id\":\"https:\/\/verbierlanguageschool.com\/french\/test-fide-conditions-dinscription\/#breadcrumb\",\"itemListElement\":[{\"@type\":\"ListItem\",\"position\":1,\"name\":\"Home\",\"item\":\"https:\/\/verbierlanguageschool.com\/french\/\"},{\"@type\":\"ListItem\",\"position\":2,\"name\":\"Test fide &#8211; Conditions d&#8217;inscription\"}]},{\"@type\":\"WebSite\",\"@id\":\"https:\/\/verbierlanguageschool.com\/french\/#website\",\"url\":\"https:\/\/verbierlanguageschool.com\/french\/\",\"name\":\"Verbier Language School\",\"description\":\"\",\"potentialAction\":[{\"@type\":\"SearchAction\",\"target\":{\"@type\":\"EntryPoint\",\"urlTemplate\":\"https:\/\/verbierlanguageschool.com\/french\/?s={search_term_string}\"},\"query-input\":\"required name=search_term_string\"}],\"inLanguage\":\"en-US\"}]}<\/script>\n<!-- \/ Yoast SEO plugin. -->","yoast_head_json":{"title":"Test fide - Conditions d'inscription - Verbier Language School","robots":{"index":"index","follow":"follow","max-snippet":"max-snippet:-1","max-image-preview":"max-image-preview:large","max-video-preview":"max-video-preview:-1"},"canonical":"https:\/\/verbierlanguageschool.com\/french\/test-fide-conditions-dinscription\/","og_locale":"en_US","og_type":"article","og_title":"Test fide - Conditions d'inscription - Verbier Language School","og_description":"[vc_row css=&#8221;.vc_custom_1690305007529{padding-top: 50px !important;padding-bottom: 0px !important;}&#8221; el_class=&#8221;site-wrap-mbl&#8221;][vc_column][vc_column_text]1. L&#8217;inscription se fait en contactant Verbier Language\u202fSchool 2. Un formulaire d\u2019inscription sera envoy\u00e9 \u00e0 chaque participant. 3. Une confirmation d&#8217;inscription au test\u202ffide sera envoy\u00e9e automatiquement\u202f\u00e0 chaque participant imm\u00e9diatement apr\u00e8s l&#8217;inscription. 4. Une facture du montant des frais d&#8217;inscription au test\u202ffide sera envoy\u00e9e \u00e0 l&#8217;adresse e-mail indiqu\u00e9e par le [&hellip;]","og_url":"https:\/\/verbierlanguageschool.com\/french\/test-fide-conditions-dinscription\/","og_site_name":"Verbier Language School","article_modified_time":"2024-07-29T08:43:35+00:00","twitter_card":"summary_large_image","twitter_misc":{"Est. reading time":"2 minutes"},"schema":{"@context":"https:\/\/schema.org","@graph":[{"@type":"WebPage","@id":"https:\/\/verbierlanguageschool.com\/french\/test-fide-conditions-dinscription\/","url":"https:\/\/verbierlanguageschool.com\/french\/test-fide-conditions-dinscription\/","name":"Test fide - Conditions d'inscription - Verbier Language School","isPartOf":{"@id":"https:\/\/verbierlanguageschool.com\/french\/#website"},"datePublished":"2023-08-25T06:52:42+00:00","dateModified":"2024-07-29T08:43:35+00:00","breadcrumb":{"@id":"https:\/\/verbierlanguageschool.com\/french\/test-fide-conditions-dinscription\/#breadcrumb"},"inLanguage":"en-US","potentialAction":[{"@type":"ReadAction","target":["https:\/\/verbierlanguageschool.com\/french\/test-fide-conditions-dinscription\/"]}]},{"@type":"BreadcrumbList","@id":"https:\/\/verbierlanguageschool.com\/french\/test-fide-conditions-dinscription\/#breadcrumb","itemListElement":[{"@type":"ListItem","position":1,"name":"Home","item":"https:\/\/verbierlanguageschool.com\/french\/"},{"@type":"ListItem","position":2,"name":"Test fide &#8211; Conditions d&#8217;inscription"}]},{"@type":"WebSite","@id":"https:\/\/verbierlanguageschool.com\/french\/#website","url":"https:\/\/verbierlanguageschool.com\/french\/","name":"Verbier Language School","description":"","potentialAction":[{"@type":"SearchAction","target":{"@type":"EntryPoint","urlTemplate":"https:\/\/verbierlanguageschool.com\/french\/?s={search_term_string}"},"query-input":"required name=search_term_string"}],"inLanguage":"en-US"}]}},"_links":{"self":[{"href":"https:\/\/verbierlanguageschool.com\/french\/wp-json\/wp\/v2\/pages\/7322","targetHints":{"allow":["GET"]}}],"collection":[{"href":"https:\/\/verbierlanguageschool.com\/french\/wp-json\/wp\/v2\/pages"}],"about":[{"href":"https:\/\/verbierlanguageschool.com\/french\/wp-json\/wp\/v2\/types\/page"}],"author":[{"embeddable":true,"href":"https:\/\/verbierlanguageschool.com\/french\/wp-json\/wp\/v2\/users\/1"}],"replies":[{"embeddable":true,"href":"https:\/\/verbierlanguageschool.com\/french\/wp-json\/wp\/v2\/comments?post=7322"}],"version-history":[{"count":5,"href":"https:\/\/verbierlanguageschool.com\/french\/wp-json\/wp\/v2\/pages\/7322\/revisions"}],"predecessor-version":[{"id":7480,"href":"https:\/\/verbierlanguageschool.com\/french\/wp-json\/wp\/v2\/pages\/7322\/revisions\/7480"}],"wp:attachment":[{"href":"https:\/\/verbierlanguageschool.com\/french\/wp-json\/wp\/v2\/media?parent=7322"}],"curies":[{"name":"wp","href":"https:\/\/api.w.org\/{rel}","templated":true}]}}