{"id":7304,"date":"2023-08-25T05:34:30","date_gmt":"2023-08-25T05:34:30","guid":{"rendered":"https:\/\/verbierlanguageschool.com\/french\/?page_id=7304"},"modified":"2023-10-18T12:58:20","modified_gmt":"2023-10-18T12:58:20","slug":"pourquoi-nous-choisir","status":"publish","type":"page","link":"https:\/\/verbierlanguageschool.com\/french\/pourquoi-nous-choisir\/","title":{"rendered":"Pourquoi nous choisir ?"},"content":{"rendered":"<p>[vc_row full_width=&#8221;stretch_row&#8221; css=&#8221;.vc_custom_1690298612377{background-image: url(https:\/\/verbierlanguageschool.com\/french\/wp-content\/uploads\/2023\/03\/About_Us-1.jpg?id=6008) !important;background-position: center !important;background-repeat: no-repeat !important;background-size: cover !important;}&#8221; el_class=&#8221;site-wrap-mbl&#8221;][vc_column el_class=&#8221;mrnnttt&#8221;][stm_title title_tag=&#8221;h2&#8243; title_align=&#8221;center&#8221; sep_color=&#8221;custom&#8221; sep_enable=&#8221;true&#8221; title=&#8221;Ce que disent nos \u00e9tudiants !&#8221; sep_color_custom=&#8221;#c60000&#8243;][\/stm_title][vc_row_inner][vc_column_inner el_class=&#8221;qte1&#8243; width=&#8221;1\/2&#8243;][stm_blockquote cite=&#8221;<strong>Oksana et Ludmila, \u00e9tudiantes en fran\u00e7ais<\/strong>&#8221; footer_space_t=&#8221;35px&#8221; css=&#8221;.vc_custom_1692945535217{padding-right: 20px !important;}&#8221;]En arrivant d&#8217;Ukraine, nous ne parlions pas un mot de fran\u00e7ais. Dix mois plus tard, gr\u00e2ce au professionnalisme, \u00e0 la\u00a0gentillesse et \u00e0 la bienveillance des professeurs nous sommes capables de lire, d&#8217;\u00e9crire et de converser.<\/p>\n<p>Au sein de VLS nous avons li\u00e9\u00a0des amiti\u00e9s et nous nous sommes int\u00e9gr\u00e9es \u00e0 la vie locale; nous vous sommes reconnaissantes de votre aide.[\/stm_blockquote][\/vc_column_inner][vc_column_inner el_class=&#8221;qte2&#8243; width=&#8221;1\/2&#8243;][stm_blockquote cite=&#8221;<strong>Iyya, \u00e9tudiante en fran\u00e7ais<\/strong>&#8221; footer_space_t=&#8221;35px&#8221; css=&#8221;.vc_custom_1692945580828{padding-right: 20px !important;}&#8221;]Le cours de fran\u00e7ais \u00e0 Verbier Language School est tr\u00e8s p\u00e9dagogique et methodiques.<\/p>\n<p>Pour moi, la langue fran\u00e7aise, c&#8217;est de nouvelle d\u0117couverte et de nouvelles impressions.<\/p>\n<p>Merci \u00e0 nos merveilleuses professeures pour leurs connaissances et leur aide \u00e0 l&#8217;int\u00e9gration.[\/stm_blockquote][\/vc_column_inner][\/vc_row_inner][vc_row_inner][vc_column_inner el_class=&#8221;qte3&#8243;][stm_blockquote cite=&#8221;<strong>Liz, French student<\/strong>&#8221; footer_space_t=&#8221;35px&#8221; css=&#8221;.vc_custom_1692945610062{padding-right: 20px !important;}&#8221;]Eleonore at Verbier Language School, has helped me to progress my very basic school French, to the confidence now to speak in most everyday situations. Her teaching is informative, structured and fun! Always beginning our lessons with speaking, Eleonore then uses a mix of reading, writing and or listening materials that are interesting and relevant and continue to support my integration into the life and culture of Switzerland. Verbier Language School is quite simply, brilliant![\/stm_blockquote][\/vc_column_inner][\/vc_row_inner][stm_spacing sm_spacing=&#8221;45px&#8221; xs_spacing=&#8221;45px&#8221; lg_spacing=&#8221;60px&#8221; md_spacing=&#8221;60px&#8221;][stm_spacing sm_spacing=&#8221;45px&#8221; xs_spacing=&#8221;45px&#8221; lg_spacing=&#8221;60px&#8221; md_spacing=&#8221;60px&#8221;][stm_title title_tag=&#8221;h2&#8243; title_align=&#8221;center&#8221; sep_color=&#8221;custom&#8221; sep_enable=&#8221;true&#8221; title=&#8221;REJOINS NOTRE \u00c9QUIPE&#8221; sep_color_custom=&#8221;#c60000&#8243;][\/stm_title][vc_row_inner][vc_column_inner el_class=&#8221;qte3&#8243;][vc_column_text]<\/p>\n<p style=\"text-align: center; font-size: 22px;\"><b><span lang=\"FR-CH\">Si vous souhaitez rejoindre la plus formidable \u00e9quipe d&#8217;enseignants, envoyez-nous votre CV par email \u00e0 <a href=\"mailto:info@verbierlanguageschool.com\" target=\"_blank\" rel=\"noopener\">info@verbierlanguageschool.com<\/a>. Plus vous parlez de langues, mieux c&#8217;est !<\/span><\/b><\/p>\n<p>[\/vc_column_text][\/vc_column_inner][\/vc_row_inner][vc_row_inner][vc_column_inner el_class=&#8221;qte3&#8243;][stm_blockquote cite=&#8221;<strong>Angelica, professeur d\u2019allemand et de fran\u00e7ais <\/strong>&#8221; footer_space_t=&#8221;35px&#8221; css=&#8221;.vc_custom_1694608146238{padding-right: 20px !important;}&#8221;]Enseigner \u00e0 VLS est un v\u00e9ritable plaisir! Nous avons \u00e0 faire aussi bien \u00e0 des enfants, des adolescents et des adultes, en individuel ou en groupe en fonction des besoins. Les sujets sont donc divers et vari\u00e9s et on ne s&#8217;ennuie jamais. Le tout dans une ambiance d\u00e9tendue, conviviale et d&#8217;entraide. Je le recommande vivement.[\/stm_blockquote][stm_spacing sm_spacing=&#8221;45px&#8221; xs_spacing=&#8221;45px&#8221; lg_spacing=&#8221;60px&#8221; md_spacing=&#8221;60px&#8221;][\/vc_column_inner][vc_column_inner][stm_blockquote cite=&#8221;<strong>Clo\u00e9, professeure de fran\u00e7ais, d\u2019anglais, d\u2019espagnol et d\u2019allemand<\/strong>&#8221; footer_space_t=&#8221;35px&#8221; css=&#8221;.vc_custom_1694608179724{padding-right: 20px !important;}&#8221;]\u201d<span lang=\"FR-CH\">\u00a0<\/span>J\u2019enseigne avec VLS depuis de nombreuses ann\u00e9es et je ne peux que recommander l\u2019exp\u00e9rience. L\u2019\u00e9cole est id\u00e9alement situ\u00e9e au centre de Verbier, entre montagnes et commerces. L\u2019\u00e9quipe est flexible et \u00e0 l\u2019\u00e9coute, les conditions de travail sont plaisantes et les directrices, Rosi et El\u00e9onore sont des amours. Bienveillantes et arrangeantes, elles font tout pour vous faire sentir appr\u00e9ci\u00e9.e dans votre travail et dirigent l\u2019\u00e9cole de mani\u00e8re familiale, dans la bonne humeur. L\u2019offre de langues est \u00e9tendue et les cours sont toujours organis\u00e9s en petits groupes. Ils peuvent avoir lieu dans ou hors de l\u2019\u00e9cole, et l\u2019ambiance est \u00e0 l\u2019apprentissage ludique, loin des le\u00e7ons r\u00e9barbatives. Enfants, adultes, francophones ou \u00e9trangers ; \u00e9l\u00e8ves ou professeurs, n\u2019h\u00e9sitez pas !\u201d[\/stm_blockquote][\/vc_column_inner][\/vc_row_inner][stm_spacing sm_spacing=&#8221;45px&#8221; xs_spacing=&#8221;45px&#8221; lg_spacing=&#8221;60px&#8221; md_spacing=&#8221;60px&#8221;][\/vc_column][\/vc_row]<\/p>\n","protected":false},"excerpt":{"rendered":"<p>[vc_row full_width=&#8221;stretch_row&#8221; css=&#8221;.vc_custom_1690298612377{background-image: url(https:\/\/verbierlanguageschool.com\/french\/wp-content\/uploads\/2023\/03\/About_Us-1.jpg?id=6008) !important;background-position: center !important;background-repeat: no-repeat !important;background-size: cover !important;}&#8221; el_class=&#8221;site-wrap-mbl&#8221;][vc_column el_class=&#8221;mrnnttt&#8221;][stm_title title_tag=&#8221;h2&#8243; title_align=&#8221;center&#8221; sep_color=&#8221;custom&#8221; sep_enable=&#8221;true&#8221; title=&#8221;Ce que disent nos \u00e9tudiants !&#8221; sep_color_custom=&#8221;#c60000&#8243;][\/stm_title][vc_row_inner][vc_column_inner el_class=&#8221;qte1&#8243; width=&#8221;1\/2&#8243;][stm_blockquote cite=&#8221;Oksana et Ludmila, \u00e9tudiantes en fran\u00e7ais&#8221; footer_space_t=&#8221;35px&#8221; css=&#8221;.vc_custom_1692945535217{padding-right: 20px !important;}&#8221;]En arrivant d&#8217;Ukraine, nous ne parlions pas un mot de fran\u00e7ais. Dix mois plus tard, gr\u00e2ce au professionnalisme, \u00e0 la\u00a0gentillesse [&hellip;]<\/p>\n","protected":false},"author":1,"featured_media":0,"parent":0,"menu_order":0,"comment_status":"closed","ping_status":"closed","template":"","meta":{"footnotes":""},"class_list":["post-7304","page","type-page","status-publish","hentry"],"yoast_head":"<!-- This site is optimized with the Yoast SEO plugin v21.5 - https:\/\/yoast.com\/wordpress\/plugins\/seo\/ -->\n<title>Pourquoi nous choisir ? - Verbier Language School<\/title>\n<meta name=\"robots\" content=\"index, follow, max-snippet:-1, max-image-preview:large, max-video-preview:-1\" \/>\n<link rel=\"canonical\" href=\"https:\/\/verbierlanguageschool.com\/french\/pourquoi-nous-choisir\/\" \/>\n<meta property=\"og:locale\" content=\"en_US\" \/>\n<meta property=\"og:type\" content=\"article\" \/>\n<meta property=\"og:title\" content=\"Pourquoi nous choisir ? - Verbier Language School\" \/>\n<meta property=\"og:description\" content=\"[vc_row full_width=&#8221;stretch_row&#8221; css=&#8221;.vc_custom_1690298612377{background-image: url(https:\/\/verbierlanguageschool.com\/french\/wp-content\/uploads\/2023\/03\/About_Us-1.jpg?id=6008) !important;background-position: center !important;background-repeat: no-repeat !important;background-size: cover !important;}&#8221; el_class=&#8221;site-wrap-mbl&#8221;][vc_column el_class=&#8221;mrnnttt&#8221;][stm_title title_tag=&#8221;h2&#8243; title_align=&#8221;center&#8221; sep_color=&#8221;custom&#8221; sep_enable=&#8221;true&#8221; title=&#8221;Ce que disent nos \u00e9tudiants !&#8221; sep_color_custom=&#8221;#c60000&#8243;][\/stm_title][vc_row_inner][vc_column_inner el_class=&#8221;qte1&#8243; width=&#8221;1\/2&#8243;][stm_blockquote cite=&#8221;Oksana et Ludmila, \u00e9tudiantes en fran\u00e7ais&#8221; footer_space_t=&#8221;35px&#8221; css=&#8221;.vc_custom_1692945535217{padding-right: 20px !important;}&#8221;]En arrivant d&#8217;Ukraine, nous ne parlions pas un mot de fran\u00e7ais. Dix mois plus tard, gr\u00e2ce au professionnalisme, \u00e0 la\u00a0gentillesse [&hellip;]\" \/>\n<meta property=\"og:url\" content=\"https:\/\/verbierlanguageschool.com\/french\/pourquoi-nous-choisir\/\" \/>\n<meta property=\"og:site_name\" content=\"Verbier Language School\" \/>\n<meta property=\"article:modified_time\" content=\"2023-10-18T12:58:20+00:00\" \/>\n<meta name=\"twitter:card\" content=\"summary_large_image\" \/>\n<meta name=\"twitter:label1\" content=\"Est. reading time\" \/>\n\t<meta name=\"twitter:data1\" content=\"4 minutes\" \/>\n<script type=\"application\/ld+json\" class=\"yoast-schema-graph\">{\"@context\":\"https:\/\/schema.org\",\"@graph\":[{\"@type\":\"WebPage\",\"@id\":\"https:\/\/verbierlanguageschool.com\/french\/pourquoi-nous-choisir\/\",\"url\":\"https:\/\/verbierlanguageschool.com\/french\/pourquoi-nous-choisir\/\",\"name\":\"Pourquoi nous choisir ? - Verbier Language School\",\"isPartOf\":{\"@id\":\"https:\/\/verbierlanguageschool.com\/french\/#website\"},\"datePublished\":\"2023-08-25T05:34:30+00:00\",\"dateModified\":\"2023-10-18T12:58:20+00:00\",\"breadcrumb\":{\"@id\":\"https:\/\/verbierlanguageschool.com\/french\/pourquoi-nous-choisir\/#breadcrumb\"},\"inLanguage\":\"en-US\",\"potentialAction\":[{\"@type\":\"ReadAction\",\"target\":[\"https:\/\/verbierlanguageschool.com\/french\/pourquoi-nous-choisir\/\"]}]},{\"@type\":\"BreadcrumbList\",\"@id\":\"https:\/\/verbierlanguageschool.com\/french\/pourquoi-nous-choisir\/#breadcrumb\",\"itemListElement\":[{\"@type\":\"ListItem\",\"position\":1,\"name\":\"Home\",\"item\":\"https:\/\/verbierlanguageschool.com\/french\/\"},{\"@type\":\"ListItem\",\"position\":2,\"name\":\"Pourquoi nous choisir ?\"}]},{\"@type\":\"WebSite\",\"@id\":\"https:\/\/verbierlanguageschool.com\/french\/#website\",\"url\":\"https:\/\/verbierlanguageschool.com\/french\/\",\"name\":\"Verbier Language School\",\"description\":\"\",\"potentialAction\":[{\"@type\":\"SearchAction\",\"target\":{\"@type\":\"EntryPoint\",\"urlTemplate\":\"https:\/\/verbierlanguageschool.com\/french\/?s={search_term_string}\"},\"query-input\":\"required name=search_term_string\"}],\"inLanguage\":\"en-US\"}]}<\/script>\n<!-- \/ Yoast SEO plugin. -->","yoast_head_json":{"title":"Pourquoi nous choisir ? - Verbier Language School","robots":{"index":"index","follow":"follow","max-snippet":"max-snippet:-1","max-image-preview":"max-image-preview:large","max-video-preview":"max-video-preview:-1"},"canonical":"https:\/\/verbierlanguageschool.com\/french\/pourquoi-nous-choisir\/","og_locale":"en_US","og_type":"article","og_title":"Pourquoi nous choisir ? - Verbier Language School","og_description":"[vc_row full_width=&#8221;stretch_row&#8221; css=&#8221;.vc_custom_1690298612377{background-image: url(https:\/\/verbierlanguageschool.com\/french\/wp-content\/uploads\/2023\/03\/About_Us-1.jpg?id=6008) !important;background-position: center !important;background-repeat: no-repeat !important;background-size: cover !important;}&#8221; el_class=&#8221;site-wrap-mbl&#8221;][vc_column el_class=&#8221;mrnnttt&#8221;][stm_title title_tag=&#8221;h2&#8243; title_align=&#8221;center&#8221; sep_color=&#8221;custom&#8221; sep_enable=&#8221;true&#8221; title=&#8221;Ce que disent nos \u00e9tudiants !&#8221; sep_color_custom=&#8221;#c60000&#8243;][\/stm_title][vc_row_inner][vc_column_inner el_class=&#8221;qte1&#8243; width=&#8221;1\/2&#8243;][stm_blockquote cite=&#8221;Oksana et Ludmila, \u00e9tudiantes en fran\u00e7ais&#8221; footer_space_t=&#8221;35px&#8221; css=&#8221;.vc_custom_1692945535217{padding-right: 20px !important;}&#8221;]En arrivant d&#8217;Ukraine, nous ne parlions pas un mot de fran\u00e7ais. Dix mois plus tard, gr\u00e2ce au professionnalisme, \u00e0 la\u00a0gentillesse [&hellip;]","og_url":"https:\/\/verbierlanguageschool.com\/french\/pourquoi-nous-choisir\/","og_site_name":"Verbier Language School","article_modified_time":"2023-10-18T12:58:20+00:00","twitter_card":"summary_large_image","twitter_misc":{"Est. reading time":"4 minutes"},"schema":{"@context":"https:\/\/schema.org","@graph":[{"@type":"WebPage","@id":"https:\/\/verbierlanguageschool.com\/french\/pourquoi-nous-choisir\/","url":"https:\/\/verbierlanguageschool.com\/french\/pourquoi-nous-choisir\/","name":"Pourquoi nous choisir ? - Verbier Language School","isPartOf":{"@id":"https:\/\/verbierlanguageschool.com\/french\/#website"},"datePublished":"2023-08-25T05:34:30+00:00","dateModified":"2023-10-18T12:58:20+00:00","breadcrumb":{"@id":"https:\/\/verbierlanguageschool.com\/french\/pourquoi-nous-choisir\/#breadcrumb"},"inLanguage":"en-US","potentialAction":[{"@type":"ReadAction","target":["https:\/\/verbierlanguageschool.com\/french\/pourquoi-nous-choisir\/"]}]},{"@type":"BreadcrumbList","@id":"https:\/\/verbierlanguageschool.com\/french\/pourquoi-nous-choisir\/#breadcrumb","itemListElement":[{"@type":"ListItem","position":1,"name":"Home","item":"https:\/\/verbierlanguageschool.com\/french\/"},{"@type":"ListItem","position":2,"name":"Pourquoi nous choisir ?"}]},{"@type":"WebSite","@id":"https:\/\/verbierlanguageschool.com\/french\/#website","url":"https:\/\/verbierlanguageschool.com\/french\/","name":"Verbier Language School","description":"","potentialAction":[{"@type":"SearchAction","target":{"@type":"EntryPoint","urlTemplate":"https:\/\/verbierlanguageschool.com\/french\/?s={search_term_string}"},"query-input":"required name=search_term_string"}],"inLanguage":"en-US"}]}},"_links":{"self":[{"href":"https:\/\/verbierlanguageschool.com\/french\/wp-json\/wp\/v2\/pages\/7304","targetHints":{"allow":["GET"]}}],"collection":[{"href":"https:\/\/verbierlanguageschool.com\/french\/wp-json\/wp\/v2\/pages"}],"about":[{"href":"https:\/\/verbierlanguageschool.com\/french\/wp-json\/wp\/v2\/types\/page"}],"author":[{"embeddable":true,"href":"https:\/\/verbierlanguageschool.com\/french\/wp-json\/wp\/v2\/users\/1"}],"replies":[{"embeddable":true,"href":"https:\/\/verbierlanguageschool.com\/french\/wp-json\/wp\/v2\/comments?post=7304"}],"version-history":[{"count":12,"href":"https:\/\/verbierlanguageschool.com\/french\/wp-json\/wp\/v2\/pages\/7304\/revisions"}],"predecessor-version":[{"id":7462,"href":"https:\/\/verbierlanguageschool.com\/french\/wp-json\/wp\/v2\/pages\/7304\/revisions\/7462"}],"wp:attachment":[{"href":"https:\/\/verbierlanguageschool.com\/french\/wp-json\/wp\/v2\/media?parent=7304"}],"curies":[{"name":"wp","href":"https:\/\/api.w.org\/{rel}","templated":true}]}}