{"id":7294,"date":"2023-08-24T13:05:18","date_gmt":"2023-08-24T13:05:18","guid":{"rendered":"https:\/\/verbierlanguageschool.com\/french\/?page_id=7294"},"modified":"2026-03-23T11:10:15","modified_gmt":"2026-03-23T11:10:15","slug":"test-fide-passeport-de-langues-et-naturalisation","status":"publish","type":"page","link":"https:\/\/verbierlanguageschool.com\/french\/test-fide-passeport-de-langues-et-naturalisation\/","title":{"rendered":"Test fide \/ passeport de langues et naturalisation"},"content":{"rendered":"<p>[vc_row css=&#8221;.vc_custom_1690263117340{padding-top: 80px !important;padding-bottom: 60px !important;}&#8221; el_class=&#8221;site-wrap-mbl&#8221;][vc_column offset=&#8221;vc_col-lg-7 vc_col-md-7 vc_col-xs-12&#8243;][stm_slider slider_width=&#8221;600px&#8221;][stm_slider_item img_id=&#8221;6185&#8243; img_size=&#8221;570&#215;480&#8243;][stm_slider_item img_id=&#8221;6187&#8243; img_size=&#8221;570&#215;480&#8243;][\/stm_slider][stm_spacing lg_spacing=&#8221;30px&#8221; md_spacing=&#8221;30px&#8221; sm_spacing=&#8221;45px&#8221; xs_spacing=&#8221;45px&#8221;][\/vc_column][vc_column offset=&#8221;vc_col-lg-5 vc_col-md-5 vc_col-xs-12&#8243;][stm_title title_tag=&#8221;h2&#8243; title_color=&#8221;custom&#8221; sep_color=&#8221;custom&#8221; sep_enable=&#8221;true&#8221; title=&#8221;Test fide&#8221; sep_margin_b=&#8221;51px&#8221; title_line_height=&#8221;48px&#8221; title_margin_t=&#8221;-13px&#8221; sep_color_custom=&#8221;#dd1818&#8243; title_color_custom=&#8221;#000000&#8243;]Register early \u2014 Camps fill quickly! With enough demand, we will open secondary sections of Popular Camps.[\/stm_title][vc_column_text]Notre prochain test fide sera le jeudi 23 et le vendredi 24 avril \u00e0 Verbier Language School, rue de M\u00e9dran 6, 1936 Verbier.<\/p>\n<table style=\"border-collapse: collapse; width: 100%;\">\n<tbody>\n<tr>\n<td style=\"width: 50%;\"><img loading=\"lazy\" decoding=\"async\" class=\"alignnone wp-image-6164 size-thumbnail\" src=\"https:\/\/verbierlanguageschool.com\/french\/wp-content\/uploads\/2023\/04\/verbier-language-school-fide-test-150x150.jpg\" alt=\"Certified fide test Centre\" width=\"150\" height=\"150\" srcset=\"https:\/\/verbierlanguageschool.com\/french\/wp-content\/uploads\/2023\/04\/verbier-language-school-fide-test-150x150.jpg 150w, https:\/\/verbierlanguageschool.com\/french\/wp-content\/uploads\/2023\/04\/verbier-language-school-fide-test-75x75.jpg 75w, https:\/\/verbierlanguageschool.com\/french\/wp-content\/uploads\/2023\/04\/verbier-language-school-fide-test-100x100.jpg 100w, https:\/\/verbierlanguageschool.com\/french\/wp-content\/uploads\/2023\/04\/verbier-language-school-fide-test.jpg 250w\" sizes=\"auto, (max-width: 150px) 100vw, 150px\" \/><\/td>\n<td style=\"width: 50%;\"><img loading=\"lazy\" decoding=\"async\" class=\"alignnone size-thumbnail wp-image-7479\" src=\"https:\/\/verbierlanguageschool.com\/french\/wp-content\/uploads\/2024\/07\/PasseportDesLangues1-150x150.jpg\" alt=\"Passeport Des Langues\" width=\"150\" height=\"150\" \/><\/td>\n<\/tr>\n<\/tbody>\n<\/table>\n<p>[\/vc_column_text][\/vc_column][\/vc_row][vc_row full_width=&#8221;stretch_row&#8221; css=&#8221;.vc_custom_1690376858434{padding-top: 45px !important;padding-bottom: 39px !important;background-color: #fff2f2 !important;}&#8221; el_class=&#8221;site-wrap-mbl srt&#8221;][vc_column offset=&#8221;vc_col-lg-7 vc_col-md-6 vc_col-xs-12&#8243; css=&#8221;.vc_custom_1690376813933{padding-right: 30px !important;}&#8221; el_class=&#8221;site-wrap-mbl srt&#8221;][stm_title title_tag=&#8221;h2&#8243; title_color=&#8221;custom&#8221; sep_color=&#8221;custom&#8221; sep_enable=&#8221;true&#8221; title=&#8221;LE TEST FIDE&#8221; sep_color_custom=&#8221;#dd1313&#8243; title_color_custom=&#8221;#000000&#8243;][\/stm_title][vc_column_text]Le test fide certifie les comp\u00e9tences linguistiques orales et \u00e9crites en allemand, fran\u00e7ais et italien. Il a \u00e9t\u00e9 con\u00e7u sp\u00e9cialement pour la vie quotidienne en Suisse, sur mandat du Secr\u00e9tariat d&#8217;\u00c9tat aux migrations (SEM). Les comp\u00e9tences orales et \u00e9crites sont \u00e9valu\u00e9es s\u00e9par\u00e9ment et le passeport des langues peut attester des niveaux atteints (A1, A2 ou B1) pour une recherche d&#8217;emploi, la naturalisation ou un permis de s\u00e9jour ou d&#8217;\u00e9tablissement.<\/p>\n<p>L&#8217;inscription au test fide est possible dans toutes les r\u00e9gions de Suisse: il existe plus de 100 <a href=\"https:\/\/fide-service.ch\/fr\/attestations\/test-fide\/\">centres d&#8217;examen<\/a> accr\u00e9dit\u00e9s, qui organisent des tests fide plusieurs fois par ann\u00e9e.<\/p>\n<p>R\u00e8glement de participation au test fide:\u00a0 \u00a0 \u00a0 \u00a0 \u00a0 \u00a0 \u00a0 \u00a0 \u00a0 \u00a0 \u00a0 \u00a0 \u00a0 \u00a0 \u00a0 \u00a0 \u00a0 \u00a0 \u00a0 \u00a0 \u00a0 \u00a0 \u00a0 \u00a0 \u00a0 \u00a0\u00a0 \u00a0\u00a0 \u00a0\u00a0 \u00a0\u00a0 \u00a0\u00a0 \u00a0\u00a0 \u00a0\u00a0 \u00a0\u00a0 \u00a0\u00a0 \u00a0\u00a0 \u00a0\u00a0 \u00a0\u00a0 <a href=\"https:\/\/fide-service.ch\/doc\/238\/fideFR_ReglementTestFide.pdf\">https:\/\/fide-service.ch\/doc\/238\/fideFR_ReglementTestFide.pdf<\/a><\/p>\n<p>Test blanc fide: <a href=\"https:\/\/fide-service.ch\/doc\/1505\/fideFR_TestFideVersionBlanche.zip\">https:\/\/fide-service.ch\/doc\/1505\/fideFR_TestFideVersionBlanche.zip<\/a>[\/vc_column_text][\/vc_column][vc_column offset=&#8221;vc_col-lg-5 vc_col-md-6 vc_col-xs-12&#8243; el_class=&#8221;list-1&#8243;][stm_text_box title_tag=&#8221;h3&#8243; sep_color=&#8221;custom&#8221; title_color=&#8221;custom&#8221; text_color=&#8221;custom&#8221; stm_bg_color=&#8221;green&#8221; sep_enable=&#8221;true&#8221; bg_color=&#8221;green&#8221; sep_color_custom=&#8221;#ffffff&#8221; text_color_custom=&#8221;#ffffff&#8221; padding_top=&#8221;39px&#8221; padding_right=&#8221;50px&#8221; padding_bottom=&#8221;44px&#8221; padding_left=&#8221;50px&#8221; title_color_custom=&#8221;#ffffff&#8221; title=&#8221;Crit\u00e8res d&#8217;exclusion du test fide&#8221; css=&#8221;.vc_custom_1692940512177{background-color: #dd0606 !important;}&#8221;]<strong><span style=\"color: #ffffff;\">Vous n&#8217;avez pas besoin de passer le test fide si vous :<\/span><\/strong><\/p>\n<ul style=\"list-style-type: circle;\">\n<li>parlez et \u00e9crivez une langue nationale (naturalisation simplifi\u00e9e) ou une langue cantonale comme langue maternelle<\/li>\n<li>avez suivi l&#8217;\u00e9cole obligatoire dans une langue nationale pendant au moins 5 ans (naturalisation) ou 3 ans (permis B et C)<\/li>\n<li>avez suivi une formation secondaire sup\u00e9rieure ou une formation tertiaire dans une langue nationale<\/li>\n<li>poss\u00e9dez un autre certificat de langue reconnu<\/li>\n<\/ul>\n<ul>\n<li style=\"list-style-type: none;\"><\/li>\n<\/ul>\n<p>[\/stm_text_box][\/vc_column][\/vc_row][vc_row css=&#8221;.vc_custom_1690298435704{padding-top: 50px !important;padding-bottom: 20px !important;}&#8221; el_class=&#8221;.site-wrap-mbl&#8221;][vc_column css=&#8221;.vc_custom_1690304233455{padding-top: 0px !important;}&#8221;][stm_title title_tag=&#8221;h2&#8243; title_color=&#8221;custom&#8221; sep_color=&#8221;custom&#8221; sep_enable=&#8221;true&#8221; title=&#8221;FAQs&#8221; sep_color_custom=&#8221;#dd0d0d&#8221; title_color_custom=&#8221;#000000&#8243;][\/stm_title][\/vc_column][vc_column width=&#8221;1\/2&#8243;][vc_toggle title=&#8221;Qui peut passer un test fide ?&#8221; color=&#8221;juicy_pink&#8221; open=&#8221;true&#8221;]Toute personne d\u00e8s 16 ans.Les personnes handicap\u00e9es peuvent \u00e9galement passer le test fide.\u00a0 Les conditions d&#8217;examen peuvent s\u2019adapter \u00e0 chaque situation, en discussion avec le centre d\u2019examen et le Secr\u00e9tariat fide.[\/vc_toggle][vc_toggle title=&#8221;Combien co\u00fbte le test fide ?&#8221; color=&#8221;juicy_pink&#8221;]Le test fide complet vous revient \u00e0 250.\u2013 CHF. L\u2019oral seulement vous revient \u00e0 170.\u2013 CHF et l\u2019\u00e9crit seulement \u00e0 120.\u2013 CHF.[\/vc_toggle][vc_toggle title=&#8221;Combien de temps dure le test fide ?&#8221; color=&#8221;juicy_pink&#8221;]La partie orale dure 40 minutes et la partie \u00e9crite a une introduction d&#8217;environ 15 minutes et le test de 60 minutes.[\/vc_toggle][\/vc_column][vc_column width=&#8221;1\/2&#8243;][vc_toggle title=&#8221;Comment s\u2019inscrire au test fide ?&#8221; color=&#8221;juicy_pink&#8221;]Vous pouvez contacter directement Verbier Language School pour vous inscrire pour le test fide (au moins 15 jours avant la date de l\u2019examen). Lors de l\u2019inscription, vous pouvez choisir de ne passer que la partie orale ou \u00e9crite du test fide.[\/vc_toggle][vc_toggle title=&#8221;Quand re\u00e7oit-on les r\u00e9sultats \/ le passeport des langues ?&#8221; color=&#8221;juicy_pink&#8221;]Vous recevez votre passeport de langues, indiquant vos r\u00e9sultats (A1, A2 ou B1), directement par la Poste, environ 4 semaines apr\u00e8s le test fide. Le centre d\u2019examen et le Secr\u00e9tariat fide ne peuvent donner aucune information sur les r\u00e9sultats par t\u00e9l\u00e9phone ou par email.[\/vc_toggle][\/vc_column][\/vc_row][vc_row css=&#8221;.vc_custom_1679733555543{padding-bottom: 50px !important;}&#8221;][vc_column][vc_raw_html]JTNDcCUyMGNsYXNzJTNEJTIydGhyeWgyMyUyMGRhcmstYmwlMjIlM0VJbmZvcm1hdGlvbnMlMjBzdXIlMjBsZXMlMjBpbnNjcmlwdGlvbnMlMjBldCUyMGNvbmRpdGlvbnMlM0MlMkZwJTNFJTBBJTNDZGl2JTIwY2xhc3MlM0QlMjJzdG0tdGV4dC1ib3hfX2FjdGlvbiUyMGR0dCUyMGtrbHQtcCUyMiUzRSUwQSUwOSUwOSUwOSUwOSUzQ2ElMjBjbGFzcyUzRCUyMnN0bS1idG4lMjBzdG0tYnRuX291dGxpbmUlMjBzdG0tYnRuX21kJTIwc3RtLWJ0bl9pY29uLXJpZ2h0JTIwc3RtLWJ0bl93aGl0ZSUyMHN0bS1idG5fcG9zaXRpb25fcmlnaHQlMjBndHQlMjBtYnRuSW1QJTIyJTIwaHJlZiUzRCUyMmh0dHBzJTNBJTJGJTJGdmVyYmllcmxhbmd1YWdlc2Nob29sLmNvbSUyRmZyZW5jaCUyRnRlc3QtZmlkZS1jb25kaXRpb25zLWRpbnNjcmlwdGlvbiUyRiUyMiUzRUNPTkRJVElPTlMlMjBEJTI3SU5TQ1JJUFRJT04lMjAlMjAlM0MlMkZhJTNFJTBBJTA5JTA5JTA5JTNDJTJGZGl2JTNF[\/vc_raw_html][\/vc_column][\/vc_row]<\/p>\n","protected":false},"excerpt":{"rendered":"<p>[vc_row css=&#8221;.vc_custom_1690263117340{padding-top: 80px !important;padding-bottom: 60px !important;}&#8221; el_class=&#8221;site-wrap-mbl&#8221;][vc_column offset=&#8221;vc_col-lg-7 vc_col-md-7 vc_col-xs-12&#8243;][stm_slider slider_width=&#8221;600px&#8221;][stm_slider_item img_id=&#8221;6185&#8243; img_size=&#8221;570&#215;480&#8243;][stm_slider_item img_id=&#8221;6187&#8243; img_size=&#8221;570&#215;480&#8243;][\/stm_slider][stm_spacing lg_spacing=&#8221;30px&#8221; md_spacing=&#8221;30px&#8221; sm_spacing=&#8221;45px&#8221; xs_spacing=&#8221;45px&#8221;][\/vc_column][vc_column offset=&#8221;vc_col-lg-5 vc_col-md-5 vc_col-xs-12&#8243;][stm_title title_tag=&#8221;h2&#8243; title_color=&#8221;custom&#8221; sep_color=&#8221;custom&#8221; sep_enable=&#8221;true&#8221; title=&#8221;Test fide&#8221; sep_margin_b=&#8221;51px&#8221; title_line_height=&#8221;48px&#8221; title_margin_t=&#8221;-13px&#8221; sep_color_custom=&#8221;#dd1818&#8243; title_color_custom=&#8221;#000000&#8243;]Register early \u2014 Camps fill quickly! With enough demand, we will open secondary sections of Popular Camps.[\/stm_title][vc_column_text]Notre prochain test fide sera le jeudi [&hellip;]<\/p>\n","protected":false},"author":1,"featured_media":0,"parent":0,"menu_order":0,"comment_status":"closed","ping_status":"closed","template":"","meta":{"footnotes":""},"class_list":["post-7294","page","type-page","status-publish","hentry"],"yoast_head":"<!-- This site is optimized with the Yoast SEO plugin v21.5 - https:\/\/yoast.com\/wordpress\/plugins\/seo\/ -->\n<title>Test fide \/ passeport de langues et naturalisation - Verbier Language School<\/title>\n<meta name=\"robots\" content=\"index, follow, max-snippet:-1, max-image-preview:large, max-video-preview:-1\" \/>\n<link rel=\"canonical\" href=\"https:\/\/verbierlanguageschool.com\/french\/test-fide-passeport-de-langues-et-naturalisation\/\" \/>\n<meta property=\"og:locale\" content=\"en_US\" \/>\n<meta property=\"og:type\" content=\"article\" \/>\n<meta property=\"og:title\" content=\"Test fide \/ passeport de langues et naturalisation - Verbier Language School\" \/>\n<meta property=\"og:description\" content=\"[vc_row css=&#8221;.vc_custom_1690263117340{padding-top: 80px !important;padding-bottom: 60px !important;}&#8221; el_class=&#8221;site-wrap-mbl&#8221;][vc_column offset=&#8221;vc_col-lg-7 vc_col-md-7 vc_col-xs-12&#8243;][stm_slider slider_width=&#8221;600px&#8221;][stm_slider_item img_id=&#8221;6185&#8243; img_size=&#8221;570&#215;480&#8243;][stm_slider_item img_id=&#8221;6187&#8243; img_size=&#8221;570&#215;480&#8243;][\/stm_slider][stm_spacing lg_spacing=&#8221;30px&#8221; md_spacing=&#8221;30px&#8221; sm_spacing=&#8221;45px&#8221; xs_spacing=&#8221;45px&#8221;][\/vc_column][vc_column offset=&#8221;vc_col-lg-5 vc_col-md-5 vc_col-xs-12&#8243;][stm_title title_tag=&#8221;h2&#8243; title_color=&#8221;custom&#8221; sep_color=&#8221;custom&#8221; sep_enable=&#8221;true&#8221; title=&#8221;Test fide&#8221; sep_margin_b=&#8221;51px&#8221; title_line_height=&#8221;48px&#8221; title_margin_t=&#8221;-13px&#8221; sep_color_custom=&#8221;#dd1818&#8243; title_color_custom=&#8221;#000000&#8243;]Register early \u2014 Camps fill quickly! With enough demand, we will open secondary sections of Popular Camps.[\/stm_title][vc_column_text]Notre prochain test fide sera le jeudi [&hellip;]\" \/>\n<meta property=\"og:url\" content=\"https:\/\/verbierlanguageschool.com\/french\/test-fide-passeport-de-langues-et-naturalisation\/\" \/>\n<meta property=\"og:site_name\" content=\"Verbier Language School\" \/>\n<meta property=\"article:modified_time\" content=\"2026-03-23T11:10:15+00:00\" \/>\n<meta property=\"og:image\" content=\"https:\/\/verbierlanguageschool.com\/french\/wp-content\/uploads\/2023\/04\/verbier-language-school-fide-test-150x150.jpg\" \/>\n<meta name=\"twitter:card\" content=\"summary_large_image\" \/>\n<meta name=\"twitter:label1\" content=\"Est. reading time\" \/>\n\t<meta name=\"twitter:data1\" content=\"5 minutes\" \/>\n<script type=\"application\/ld+json\" class=\"yoast-schema-graph\">{\"@context\":\"https:\/\/schema.org\",\"@graph\":[{\"@type\":\"WebPage\",\"@id\":\"https:\/\/verbierlanguageschool.com\/french\/test-fide-passeport-de-langues-et-naturalisation\/\",\"url\":\"https:\/\/verbierlanguageschool.com\/french\/test-fide-passeport-de-langues-et-naturalisation\/\",\"name\":\"Test fide \/ passeport de langues et naturalisation - Verbier Language School\",\"isPartOf\":{\"@id\":\"https:\/\/verbierlanguageschool.com\/french\/#website\"},\"datePublished\":\"2023-08-24T13:05:18+00:00\",\"dateModified\":\"2026-03-23T11:10:15+00:00\",\"breadcrumb\":{\"@id\":\"https:\/\/verbierlanguageschool.com\/french\/test-fide-passeport-de-langues-et-naturalisation\/#breadcrumb\"},\"inLanguage\":\"en-US\",\"potentialAction\":[{\"@type\":\"ReadAction\",\"target\":[\"https:\/\/verbierlanguageschool.com\/french\/test-fide-passeport-de-langues-et-naturalisation\/\"]}]},{\"@type\":\"BreadcrumbList\",\"@id\":\"https:\/\/verbierlanguageschool.com\/french\/test-fide-passeport-de-langues-et-naturalisation\/#breadcrumb\",\"itemListElement\":[{\"@type\":\"ListItem\",\"position\":1,\"name\":\"Home\",\"item\":\"https:\/\/verbierlanguageschool.com\/french\/\"},{\"@type\":\"ListItem\",\"position\":2,\"name\":\"Test fide \/ passeport de langues et naturalisation\"}]},{\"@type\":\"WebSite\",\"@id\":\"https:\/\/verbierlanguageschool.com\/french\/#website\",\"url\":\"https:\/\/verbierlanguageschool.com\/french\/\",\"name\":\"Verbier Language School\",\"description\":\"\",\"potentialAction\":[{\"@type\":\"SearchAction\",\"target\":{\"@type\":\"EntryPoint\",\"urlTemplate\":\"https:\/\/verbierlanguageschool.com\/french\/?s={search_term_string}\"},\"query-input\":\"required name=search_term_string\"}],\"inLanguage\":\"en-US\"}]}<\/script>\n<!-- \/ Yoast SEO plugin. -->","yoast_head_json":{"title":"Test fide \/ passeport de langues et naturalisation - Verbier Language School","robots":{"index":"index","follow":"follow","max-snippet":"max-snippet:-1","max-image-preview":"max-image-preview:large","max-video-preview":"max-video-preview:-1"},"canonical":"https:\/\/verbierlanguageschool.com\/french\/test-fide-passeport-de-langues-et-naturalisation\/","og_locale":"en_US","og_type":"article","og_title":"Test fide \/ passeport de langues et naturalisation - Verbier Language School","og_description":"[vc_row css=&#8221;.vc_custom_1690263117340{padding-top: 80px !important;padding-bottom: 60px !important;}&#8221; el_class=&#8221;site-wrap-mbl&#8221;][vc_column offset=&#8221;vc_col-lg-7 vc_col-md-7 vc_col-xs-12&#8243;][stm_slider slider_width=&#8221;600px&#8221;][stm_slider_item img_id=&#8221;6185&#8243; img_size=&#8221;570&#215;480&#8243;][stm_slider_item img_id=&#8221;6187&#8243; img_size=&#8221;570&#215;480&#8243;][\/stm_slider][stm_spacing lg_spacing=&#8221;30px&#8221; md_spacing=&#8221;30px&#8221; sm_spacing=&#8221;45px&#8221; xs_spacing=&#8221;45px&#8221;][\/vc_column][vc_column offset=&#8221;vc_col-lg-5 vc_col-md-5 vc_col-xs-12&#8243;][stm_title title_tag=&#8221;h2&#8243; title_color=&#8221;custom&#8221; sep_color=&#8221;custom&#8221; sep_enable=&#8221;true&#8221; title=&#8221;Test fide&#8221; sep_margin_b=&#8221;51px&#8221; title_line_height=&#8221;48px&#8221; title_margin_t=&#8221;-13px&#8221; sep_color_custom=&#8221;#dd1818&#8243; title_color_custom=&#8221;#000000&#8243;]Register early \u2014 Camps fill quickly! With enough demand, we will open secondary sections of Popular Camps.[\/stm_title][vc_column_text]Notre prochain test fide sera le jeudi [&hellip;]","og_url":"https:\/\/verbierlanguageschool.com\/french\/test-fide-passeport-de-langues-et-naturalisation\/","og_site_name":"Verbier Language School","article_modified_time":"2026-03-23T11:10:15+00:00","og_image":[{"url":"https:\/\/verbierlanguageschool.com\/french\/wp-content\/uploads\/2023\/04\/verbier-language-school-fide-test-150x150.jpg"}],"twitter_card":"summary_large_image","twitter_misc":{"Est. reading time":"5 minutes"},"schema":{"@context":"https:\/\/schema.org","@graph":[{"@type":"WebPage","@id":"https:\/\/verbierlanguageschool.com\/french\/test-fide-passeport-de-langues-et-naturalisation\/","url":"https:\/\/verbierlanguageschool.com\/french\/test-fide-passeport-de-langues-et-naturalisation\/","name":"Test fide \/ passeport de langues et naturalisation - Verbier Language School","isPartOf":{"@id":"https:\/\/verbierlanguageschool.com\/french\/#website"},"datePublished":"2023-08-24T13:05:18+00:00","dateModified":"2026-03-23T11:10:15+00:00","breadcrumb":{"@id":"https:\/\/verbierlanguageschool.com\/french\/test-fide-passeport-de-langues-et-naturalisation\/#breadcrumb"},"inLanguage":"en-US","potentialAction":[{"@type":"ReadAction","target":["https:\/\/verbierlanguageschool.com\/french\/test-fide-passeport-de-langues-et-naturalisation\/"]}]},{"@type":"BreadcrumbList","@id":"https:\/\/verbierlanguageschool.com\/french\/test-fide-passeport-de-langues-et-naturalisation\/#breadcrumb","itemListElement":[{"@type":"ListItem","position":1,"name":"Home","item":"https:\/\/verbierlanguageschool.com\/french\/"},{"@type":"ListItem","position":2,"name":"Test fide \/ passeport de langues et naturalisation"}]},{"@type":"WebSite","@id":"https:\/\/verbierlanguageschool.com\/french\/#website","url":"https:\/\/verbierlanguageschool.com\/french\/","name":"Verbier Language School","description":"","potentialAction":[{"@type":"SearchAction","target":{"@type":"EntryPoint","urlTemplate":"https:\/\/verbierlanguageschool.com\/french\/?s={search_term_string}"},"query-input":"required name=search_term_string"}],"inLanguage":"en-US"}]}},"_links":{"self":[{"href":"https:\/\/verbierlanguageschool.com\/french\/wp-json\/wp\/v2\/pages\/7294","targetHints":{"allow":["GET"]}}],"collection":[{"href":"https:\/\/verbierlanguageschool.com\/french\/wp-json\/wp\/v2\/pages"}],"about":[{"href":"https:\/\/verbierlanguageschool.com\/french\/wp-json\/wp\/v2\/types\/page"}],"author":[{"embeddable":true,"href":"https:\/\/verbierlanguageschool.com\/french\/wp-json\/wp\/v2\/users\/1"}],"replies":[{"embeddable":true,"href":"https:\/\/verbierlanguageschool.com\/french\/wp-json\/wp\/v2\/comments?post=7294"}],"version-history":[{"count":22,"href":"https:\/\/verbierlanguageschool.com\/french\/wp-json\/wp\/v2\/pages\/7294\/revisions"}],"predecessor-version":[{"id":7510,"href":"https:\/\/verbierlanguageschool.com\/french\/wp-json\/wp\/v2\/pages\/7294\/revisions\/7510"}],"wp:attachment":[{"href":"https:\/\/verbierlanguageschool.com\/french\/wp-json\/wp\/v2\/media?parent=7294"}],"curies":[{"name":"wp","href":"https:\/\/api.w.org\/{rel}","templated":true}]}}