{"id":7273,"date":"2023-08-24T10:41:24","date_gmt":"2023-08-24T10:41:24","guid":{"rendered":"https:\/\/verbierlanguageschool.com\/french\/?page_id=7273"},"modified":"2023-10-18T12:55:50","modified_gmt":"2023-10-18T12:55:50","slug":"cours-pour-enfants","status":"publish","type":"page","link":"https:\/\/verbierlanguageschool.com\/french\/cours-pour-enfants\/","title":{"rendered":"Cours pour enfants"},"content":{"rendered":"<p>[vc_row full_width=&#8221;stretch_row&#8221; css=&#8221;.vc_custom_1690297647447{background-image: url(https:\/\/verbierlanguageschool.com\/french\/wp-content\/uploads\/2023\/03\/verbier-langiage-school-home-page.jpg?id=5799) !important;}&#8221; el_class=&#8221;site-wrap-mbl&#8221;][vc_column width=&#8221;1\/2&#8243; offset=&#8221;vc_col-xs-12&#8243;][stm_spacing lg_spacing=&#8221;20px&#8221; md_spacing=&#8221;20px&#8221; sm_spacing=&#8221;20px&#8221; xs_spacing=&#8221;20px&#8221;][stm_title title_tag=&#8221;h2&#8243; title_align=&#8221;center&#8221; title_color=&#8221;custom&#8221; sep_color=&#8221;custom&#8221; sep_enable=&#8221;true&#8221; title=&#8221;Cours de langues pour les enfants&#8221; sep_color_custom=&#8221;#4583c1&#8243; title_color_custom=&#8221;#000000&#8243;][\/stm_title][vc_single_image image=&#8221;6289&#8243; img_size=&#8221;full&#8221;][vc_column_text css=&#8221;.vc_custom_1692873743399{margin-top: 20px !important;margin-bottom: 0px !important;}&#8221;]Nous proposons un large \u00e9ventail de cours priv\u00e9s et en groupe pour les enfants, adapt\u00e9s \u00e0 tous les niveaux et \u00e0 tous les formats (voir ci-dessous).\u00a0\u00a0 Les langues enseign\u00e9es sont le fran\u00e7ais, l&#8217;anglais, l&#8217;allemand, l&#8217;espagnol, l&#8217;italien, le russe, le su\u00e9dois et le mandarin.\u00a0 Pour d&#8217;autres langues, veuillez nous contacter.[\/vc_column_text][\/vc_column][vc_column width=&#8221;1\/2&#8243; offset=&#8221;vc_col-xs-12&#8243; el_class=&#8221;tit-1-1 video-box&#8221;][vc_empty_space height=&#8221;52px&#8221;][vc_raw_html]JTNDaWZyYW1lJTIwd2lkdGglM0QlMjIxMDAlMjUlMjIlMjBoZWlnaHQlM0QlMjIzMTUlMjIlMjBzcmMlM0QlMjJodHRwcyUzQSUyRiUyRnd3dy55b3V0dWJlLmNvbSUyRmVtYmVkJTJGVXNsVDdra3A1bWMlMjIlMjB0aXRsZSUzRCUyMllvdVR1YmUlMjB2aWRlbyUyMHBsYXllciUyMiUyMGZyYW1lYm9yZGVyJTNEJTIyMCUyMiUyMGFsbG93JTNEJTIyYWNjZWxlcm9tZXRlciUzQiUyMGF1dG9wbGF5JTNCJTIwY2xpcGJvYXJkLXdyaXRlJTNCJTIwZW5jcnlwdGVkLW1lZGlhJTNCJTIwZ3lyb3Njb3BlJTNCJTIwcGljdHVyZS1pbi1waWN0dXJlJTNCJTIwd2ViLXNoYXJlJTIyJTIwYWxsb3dmdWxsc2NyZWVuJTNFJTNDJTJGaWZyYW1lJTNF[\/vc_raw_html][\/vc_column][vc_column][\/vc_column][\/vc_row][vc_row full_width=&#8221;stretch_row&#8221; css=&#8221;.vc_custom_1690297656443{padding-top: 45px !important;padding-bottom: 100px !important;background-color: #fffaed !important;}&#8221; el_class=&#8221;site-wrap-mbl&#8221;][vc_column][stm_image_box sep_color=&#8221;custom&#8221; title_color=&#8221;custom&#8221; sep_enable=&#8221;true&#8221; title=&#8221;Cours pour enfants&#8221; img_id=&#8221;6560&#8243; title_link=&#8221;url:%23&#8243; css=&#8221;.vc_custom_1692873780637{margin-bottom: 40px !important;}&#8221; sep_color_custom=&#8221;#4583c1&#8243; title_color_custom=&#8221;#000000&#8243; img_size=&#8221;full&#8221;]Apprendre avec des activit\u00e9s et des jeux avec des cours priv\u00e9s ou en groupe.[\/stm_image_box][stm_image_box sep_color=&#8221;custom&#8221; title_color=&#8221;custom&#8221; sep_enable=&#8221;true&#8221; title=&#8221;Club d\u2019anglais &#8211; Lecture et \u00e9criture&#8221; img_id=&#8221;6566&#8243; title_link=&#8221;url:%23&#8243; css=&#8221;.vc_custom_1692873816116{margin-bottom: 40px !important;}&#8221; sep_color_custom=&#8221;#4583c1&#8243; title_color_custom=&#8221;#000000&#8243; img_size=&#8221;full&#8221;]Le Club d&#8217;anglais pour la lecture et l&#8217;alphab\u00e9tisation du mercredi est id\u00e9al pour les jeunes apprenants \u00e2g\u00e9s de 3 \u00e0 7 ans. Choisissez entre 1 ou 2 heures (disponible dans d&#8217;autres langues sur demande).[\/stm_image_box][stm_image_box sep_color=&#8221;custom&#8221; title_color=&#8221;custom&#8221; sep_enable=&#8221;true&#8221; title=&#8221;Club d\u2019anglais \u2013 comme deuxi\u00e8me langue&#8221; img_id=&#8221;6567&#8243; title_link=&#8221;url:%23&#8243; css=&#8221;.vc_custom_1692873858879{margin-bottom: 40px !important;}&#8221; sep_color_custom=&#8221;#4583c1&#8243; title_color_custom=&#8221;#000000&#8243; img_size=&#8221;full&#8221;]Le club d&#8217;anglais pour les apprenants d&#8217;anglais en deuxi\u00e8me langue est id\u00e9al pour \u00e9tudier le vocabulaire et la conversation avec des activit\u00e9s ludiques, du bricolage et des jeux en plein air. Les mercredis de 9h00 \u00e0 11h00 pour les jeunes apprenants \u00e2g\u00e9s de 3 \u00e0 7 ans. Choisissez entre 1 ou 2 heures (disponible dans d&#8217;autres langues sur demande).[\/stm_image_box][stm_image_box sep_color=&#8221;custom&#8221; title_color=&#8221;custom&#8221; sep_enable=&#8221;true&#8221; title=&#8221;Appui scolaire et aide aux devoirs&#8221; img_id=&#8221;6565&#8243; title_link=&#8221;url:%23||&#8221; css=&#8221;.vc_custom_1692873897127{margin-bottom: 40px !important;}&#8221; sep_color_custom=&#8221;#4583c1&#8243; title_color_custom=&#8221;#000000&#8243; description_font_size=&#8221;bold&#8221; img_size=&#8221;full&#8221;]Le club de soutien scolaire et d\u2019aide aux devoirs donne \u00e0 votre enfant l&#8217;aide et l&#8217;encouragement dont il a besoin pour faire ses devoirs dans un environnement scolaire s\u00fbr avec des enseignants qualifi\u00e9s pour r\u00e9pondre \u00e0 toutes les questions qu&#8217;il peut se poser (\u00e0 l&#8217;heure du d\u00e9jeuner et apr\u00e8s l&#8217;\u00e9cole).[\/stm_image_box][stm_image_box sep_color=&#8221;custom&#8221; title_color=&#8221;custom&#8221; sep_enable=&#8221;true&#8221; title=&#8221;Tuteur en hiver&#8221; img_id=&#8221;6568&#8243; title_link=&#8221;url:%23||&#8221; sep_color_custom=&#8221;#4583c1&#8243; title_color_custom=&#8221;#000000&#8243; img_size=&#8221;full&#8221; css=&#8221;.vc_custom_1692874054879{margin-bottom: 40px !important;}&#8221;]votre solution id\u00e9ale : \u00e9cole et neige. Profitez de la saison de ski d&#8217;hiver sans vous soucier de la scolarisation de votre enfant. Nos professeurs qualifi\u00e9s pr\u00e9pareront des cours sp\u00e9cialis\u00e9s dans toutes les mati\u00e8res en suivant le programme scolaire de votre enfant afin qu&#8217;il ne perde pas le fil de ses \u00e9tudes..[\/stm_image_box][stm_image_box sep_color=&#8221;custom&#8221; title_color=&#8221;custom&#8221; sep_enable=&#8221;true&#8221; title=&#8221;Cours d\u2019immersion en \u00e9t\u00e9 et en hiver:&#8221; img_id=&#8221;6569&#8243; title_link=&#8221;url:%23||&#8221; sep_color_custom=&#8221;#4583c1&#8243; title_color_custom=&#8221;#000000&#8243; img_size=&#8221;full&#8221; css=&#8221;.vc_custom_1692874123403{margin-bottom: 40px !important;}&#8221;]Camps d&#8217;immersion en \u00e9t\u00e9 et en hiver pour enfants et adolescents &#8211; langues et activit\u00e9s de 09h00 \u00e0 12h00 ou \u00e0 16h00 (d\u00e9jeuner inclus), 3-17 ans.\u00a0 Combinez 3 heures de cours de langue le matin avec le reste de la journ\u00e9e pour pratiquer vos activit\u00e9s pr\u00e9f\u00e9r\u00e9es (y compris des cours de ski en hiver). Les groupes sont organis\u00e9s en fonction de l&#8217;\u00e2ge et des capacit\u00e9s. Pour les adolescents, il est \u00e9galement possible d&#8217;acqu\u00e9rir une exp\u00e9rience professionnelle afin d&#8217;utiliser la langue dans des situations r\u00e9elles. En \u00e9t\u00e9, nous travaillons en \u00e9troite collaboration avec Les Elfes, qui proposent \u00e9galement un h\u00e9bergement. Que du bonheur ![\/stm_image_box][stm_image_box sep_color=&#8221;custom&#8221; title_color=&#8221;custom&#8221; sep_enable=&#8221;true&#8221; title=&#8221;Pr\u00e9paration aux examens&#8221; img_id=&#8221;6972&#8243; title_link=&#8221;url:%23||&#8221; sep_color_custom=&#8221;#4583c1&#8243; title_color_custom=&#8221;#000000&#8243; img_size=&#8221;full&#8221; css=&#8221;.vc_custom_1696509460632{margin-bottom: 40px !important;}&#8221;]En fonction de l&#8217;examen que vous passez, il peut y avoir des groupes disponibles, sinon l\u2019enseignement en priv\u00e9 est \u00e9galement possible afin que vous puissiez r\u00e9ussir votre examen avec succ\u00e8s.<\/p>\n<div class=\"tjklt-flx\">\n<ul class=\"stm-list-1-white topt fjjklt dark-bl\">\n<li>TEFL<\/li>\n<li>TOEFL<\/li>\n<li>IELTS<\/li>\n<li>First<\/li>\n<li>CAE<\/li>\n<\/ul>\n<ul class=\"stm-list-1-white topt fjjklt dark-bl\">\n<li>CPE<\/li>\n<li>Common Entrance<\/li>\n<li>GCSE et IGCSE<\/li>\n<li>AS et A-Level<\/li>\n<li>SATs<\/li>\n<\/ul>\n<ul class=\"stm-list-1-white topt fjjklt dark-bl\">\n<li>ISEE<\/li>\n<li>DELF\/DALF<\/li>\n<li>Baccalaur\u00e9at international<\/li>\n<li>Test fide<\/li>\n<li>Naturalisation suisse<\/li>\n<\/ul>\n<\/div>\n<p>[\/stm_image_box][vc_raw_html]JTNDZGl2JTIwY2xhc3MlM0QlMjJzdG0tYnRuLWNvbnRhaW5lciUyMHN0bS1idG4tY29udGFpbmVyX2xlZnQlMjBkZC14dCUyMiUyMHN0eWxlJTNEJTIybWFyZ2luLXRvcCUzQTI1cHglM0J0ZXh0LWFsaWduJTNBY2VudGVyJTIyJTNFJTBBJTA5JTA5JTA5JTA5JTA5JTNDYSUyMGhyZWYlM0QlMjJodHRwcyUzQSUyRiUyRnZlcmJpZXJsYW5ndWFnZXNjaG9vbC5jb20lMkZmcmVuY2glMkZjb250YWN0ZXotbm91cyUyRiUyMiUyMGNsYXNzJTNEJTIyc3RtLWJ0biUyMHN0bS1idG5fZmxhdCUyMHN0bS1idG5fY3VzdG9tJTIwc3RtLWJ0bl9tZCUyMGItYmclMjIlMjBkYXRhLWJnJTNEJTIyJTIzMmI0Njg3JTIyJTIwZGF0YS10ZXh0JTNEJTIyJTIzZmZmZmZmJTIyJTIwc3R5bGUlM0QlMjJiYWNrZ3JvdW5kLWNvbG9yJTNBJTIwJTIzMmI0Njg3JTNCJTIwY29sb3IlM0ElMjByZ2IlMjgyNTUlMkMlMjAyNTUlMkMlMjAyNTUlMjklMjIlM0VDb250YWN0ZXotbm91cyUyMCUyMCUzQyUyRmElM0UlMEElMDklMDklMDklM0MlMkZkaXYlM0U=[\/vc_raw_html][\/vc_column][\/vc_row][vc_row full_width=&#8221;stretch_row&#8221; css=&#8221;.vc_custom_1690297672519{margin-top: 60px !important;padding-bottom: 82px !important;background-color: #ffffff !important;}&#8221; el_class=&#8221;site-wrap-mbl&#8221;][vc_column css=&#8221;.vc_custom_1451025868208{padding-top: 0px !important;}&#8221;][vc_tta_tabs style=&#8221;flat&#8221; shape=&#8221;square&#8221; color=&#8221;blue&#8221; spacing=&#8221;&#8221; alignment=&#8221;center&#8221; active_section=&#8221;1&#8243; no_fill_content_area=&#8221;true&#8221; css=&#8221;.vc_custom_1456382906670{margin-top: -60px !important;}&#8221;][vc_tta_section title=&#8221;Niveaux&#8221; tab_id=&#8221;1448978999611-58c38d24-95e3692b-3772f3fa-1117&#8243;][vc_row_inner][vc_column_inner width=&#8221;1\/4&#8243;][vc_raw_html]JTNDZGl2JTIwY2xhc3MlM0QlMjJzdG0tcG9zdCUyMHN0bS1wb3N0X3ZpZXdfZ3JpZCUyMiUzRSUwQSUzQ2RpdiUyMGNsYXNzJTNEJTIyc3RtLXBvc3RfX3RodW1ibmFpbCUyMiUyMHN0eWxlJTNEJTIyYmFja2dyb3VuZCUzQSUyMCUyM2U1YWEyMSUzQmhlaWdodCUzQTIwMHB4JTIyJTNFJTBBJTA5JTBBJTNDJTJGZGl2JTNFJTBBJTNDZGl2JTIwY2xhc3MlM0QlMjJzdG0tcG9zdF9fY2FwdGlvbi1jb250YWluZXIlMjIlMjBzdHlsZSUzRCUyMnBhZGRpbmclM0ElMjAwJTIwMTBweCUzQiUyMiUzRSUwQSUzQ2RpdiUyMGNsYXNzJTNEJTIyc3RtLXBvc3RfX2NhcHRpb24lMjIlMjBzdHlsZSUzRCUyMnBhZGRpbmclM0ElMjAxMHB4JTNCJTIyJTNFJTBBJTA5JTNDaDUlMjBjbGFzcyUzRCUyMnN0bS1wb3N0X190aXRsZSUyMGRhcmstYmwlMjIlM0VEJUMzJUE5YnV0YW50JTIwSSUzQyUyRmg1JTNFJTBBJTA5JTNDcCUyMGNsYXNzJTNEJTIyZGFyay1ibCUyMiUzRVZvdXMlMjAlQzMlQUF0cmUlMjB1biUyMHZyYWklMjBkJUMzJUE5YnV0YW50JTIwb3UlMjBhdmV6JTIwbGVzJTIwYmFzZXMlMjBtYWlzJTIwbiVFMiU4MCU5OWF2ZXolMjBwYXMlMjBwcmF0aXF1JUMzJUE5JTIwcGVuZGFudCUyMGxvbmd0ZW1wcy4lMjBWb3VzJTIwY29ubmFpc3NleiUyMGxlJTIwdm9jYWJ1bGFpcmUlMjBkZSUyMGJhc2UlMjBldCUyMHNhdmV6JTIwZm9ybWVyJTIwZGVzJTIwcGhyYXNlcyUyMHNpbXBsZXMuJTIwVm91cyUyMHZvdWxleiUyMHBldXQtJUMzJUFBdHJlJTIwcGFzc2VyJTIwbCVFMiU4MCU5OWV4YW1lbiUyMEExJTIwb3UlMjBBMi4lMjAlM0MlMkZwJTNFJTBBJTNDJTJGZGl2JTNFJTBBJTNDJTJGZGl2JTNFJTBBJTNDJTJGZGl2JTNF[\/vc_raw_html][\/vc_column_inner][vc_column_inner width=&#8221;1\/4&#8243;][vc_raw_html]JTNDZGl2JTIwY2xhc3MlM0QlMjJzdG0tcG9zdCUyMHN0bS1wb3N0X3ZpZXdfZ3JpZCUyMiUzRSUwQSUzQ2RpdiUyMGNsYXNzJTNEJTIyc3RtLXBvc3RfX3RodW1ibmFpbCUyMiUyMHN0eWxlJTNEJTIyYmFja2dyb3VuZCUzQSUyMCUyMzFiOTRjYyUzQmhlaWdodCUzQTIwMHB4JTIyJTNFJTBBJTA5JTBBJTNDJTJGZGl2JTNFJTBBJTNDZGl2JTIwY2xhc3MlM0QlMjJzdG0tcG9zdF9fY2FwdGlvbi1jb250YWluZXIlMjIlMjBzdHlsZSUzRCUyMnBhZGRpbmclM0ElMjAwJTIwMTBweCUzQiUyMiUzRSUwQSUzQ2RpdiUyMGNsYXNzJTNEJTIyc3RtLXBvc3RfX2NhcHRpb24lMjIlMjBzdHlsZSUzRCUyMnBhZGRpbmclM0ElMjAxMHB4JTNCJTIyJTNFJTBBJTA5JTNDaDUlMjBjbGFzcyUzRCUyMnN0bS1wb3N0X190aXRsZSUyMGRhcmstYmwlMjIlM0VEJUMzJUE5YnV0YW50JTIwSUklM0MlMkZoNSUzRSUwQSUwOSUzQ3AlMjBjbGFzcyUzRCUyMmRhcmstYmwlMjIlM0VWb3VzJTIwYXZleiUyMGQlQzMlQTlqJUMzJUEwJTIwZGUlMjBib25uZXMlMjBiYXNlcyUyMGV0JTIwY29ubmFpc3NleiUyMGxlcyUyMHRlbXBzJTIwcHJpbmNpcGF1eCUyMCUyOHByJUMzJUE5c2VudCUyQyUyMHBhc3MlQzMlQTklMkMlMjBmdXR1ciUyOS4lMjBWb3VzJTIwdmlzZXolMjBsJUUyJTgwJTk5ZXhhbWVuJTIwQjEuJTIwJTNDJTJGcCUzRSUwQSUzQyUyRmRpdiUzRSUwQSUzQyUyRmRpdiUzRSUwQSUzQyUyRmRpdiUzRQ==[\/vc_raw_html][\/vc_column_inner][vc_column_inner width=&#8221;1\/4&#8243;][vc_raw_html]JTNDZGl2JTIwY2xhc3MlM0QlMjJzdG0tcG9zdCUyMHN0bS1wb3N0X3ZpZXdfZ3JpZCUyMiUzRSUwQSUzQ2RpdiUyMGNsYXNzJTNEJTIyc3RtLXBvc3RfX3RodW1ibmFpbCUyMiUyMHN0eWxlJTNEJTIyYmFja2dyb3VuZCUzQSUyMCUyMzA4NjYzYiUzQmhlaWdodCUzQTIwMHB4JTIyJTNFJTBBJTA5JTBBJTNDJTJGZGl2JTNFJTBBJTNDZGl2JTIwY2xhc3MlM0QlMjJzdG0tcG9zdF9fY2FwdGlvbi1jb250YWluZXIlMjIlMjBzdHlsZSUzRCUyMnBhZGRpbmclM0ElMjAwJTIwMTBweCUzQiUyMiUzRSUwQSUzQ2RpdiUyMGNsYXNzJTNEJTIyc3RtLXBvc3RfX2NhcHRpb24lMjIlMjBzdHlsZSUzRCUyMnBhZGRpbmclM0ElMjAxMHB4JTNCJTIyJTNFJTBBJTA5JTNDaDUlMjBjbGFzcyUzRCUyMnN0bS1wb3N0X190aXRsZSUyMGRhcmstYmwlMjIlM0VJbnRlcm0lQzMlQTlkaWFpcmUlM0MlMkZoNSUzRSUwQSUwOSUzQ3AlMjBjbGFzcyUzRCUyMmRhcmstYmwlMjIlM0VWb3VzJTIwcG91dmV6JTIwY29udmVyc2VyJTIwZXQlMjBhdmV6JTIwdW5lJTIwYm9ubmUlMjBjb21wciVDMyVBOWhlbnNpb24uJTIwVm91cyUyMHZvdWxleiUyMGVucmljaGlyJTIwdm90cmUlMjB2b2NhYnVsYWlyZSUyQyUyMHV0aWxpc2VyJTIwZGVzJTIwc3RydWN0dXJlcyUyMHBsdXMlMjBjb21wbGlxdSVDMyVBOWVzJTIwb3UlMjBwYXNzZXIlMjBsJUUyJTgwJTk5ZXhhbWVuJTIwQjIuJTIwJTNDJTJGcCUzRSUwQSUzQyUyRmRpdiUzRSUwQSUzQyUyRmRpdiUzRSUwQSUzQyUyRmRpdiUzRQ==[\/vc_raw_html][\/vc_column_inner][vc_column_inner width=&#8221;1\/4&#8243;][vc_raw_html]JTNDZGl2JTIwY2xhc3MlM0QlMjJzdG0tcG9zdCUyMHN0bS1wb3N0X3ZpZXdfZ3JpZCUyMiUzRSUwQSUzQ2RpdiUyMGNsYXNzJTNEJTIyc3RtLXBvc3RfX3RodW1ibmFpbCUyMiUyMHN0eWxlJTNEJTIyYmFja2dyb3VuZCUzQSUyMCUyM2QxMjAyNyUzQmhlaWdodCUzQTIwMHB4JTIyJTNFJTBBJTA5JTBBJTNDJTJGZGl2JTNFJTBBJTNDZGl2JTIwY2xhc3MlM0QlMjJzdG0tcG9zdF9fY2FwdGlvbi1jb250YWluZXIlMjIlMjBzdHlsZSUzRCUyMnBhZGRpbmclM0ElMjAwJTIwMTBweCUzQiUyMiUzRSUwQSUzQ2RpdiUyMGNsYXNzJTNEJTIyc3RtLXBvc3RfX2NhcHRpb24lMjIlMjBzdHlsZSUzRCUyMnBhZGRpbmclM0ElMjAxMHB4JTNCJTIyJTNFJTBBJTA5JTNDaDUlMjBjbGFzcyUzRCUyMnN0bS1wb3N0X190aXRsZSUyMGRhcmstYmwlMjIlM0VBdmFuYyVDMyVBOSUzQyUyRmg1JTNFJTBBJTA5JTNDcCUyMGNsYXNzJTNEJTIyZGFyay1ibCUyMiUzRVZvdXMlMjBwb3V2ZXolMjB2b3VzJTIwZCVDMyVBOWJyb3VpbGxlciUyMGRhbnMlMjB0b3V0ZXMlMjBsZXMlMjBzaXR1YXRpb25zLiUyMFZvdXMlMjAlQzMlQUF0ZXMlMjAlQzMlQTAlMjBsJUUyJTgwJTk5YWlzZSUyMGF2ZWMlMjBsZSUyMGxhbmdhZ2UlMjBmYW1pbGllciUyMGV0JTIwYXZleiUyMHVuJTIwdm9jYWJ1bGFpcmUlMjB2YXJpJUMzJUE5LiUyMFZvdXMlMjB2b3VsZXolMjB2b3VzJTIwcGVyZmVjdGlvbm5lciUyMG91JTIwcGFzc2VyJTIwbCVFMiU4MCU5OWV4YW1lbiUyMEMxJTIwJTJGJTIwQzIuJTIwJTNDJTJGcCUzRSUwQSUzQyUyRmRpdiUzRSUwQSUzQyUyRmRpdiUzRSUwQSUzQyUyRmRpdiUzRQ==[\/vc_raw_html][\/vc_column_inner][\/vc_row_inner][\/vc_tta_section][vc_tta_section title=&#8221;Les prix&#8221; tab_id=&#8221;1448965449462-d44f1161-3817692b-3772f3fa-1117&#8243;][vc_column_text]<strong>Prix par \u00e9tudiant pour un cours de 1 heure<\/strong><\/p>\n<ul class=\"jlittwr\">\n<li>Cours priv\u00e9: 120 CHF<\/li>\n<li>Cours semi-priv\u00e9 (2 personnes) : 60 CHF<\/li>\n<li>Cours en groupe (3 personnes): 40 CHF<\/li>\n<li>Cours en groupe (4 personnes): 30 CHF<\/li>\n<li>Cours d&#8217;immersion: 800 CHF par semaine<\/li>\n<li>Test fide:\n<ul class=\"jlittwr jli1\">\n<li>Test complet : 250.\u2013 CHF<\/li>\n<li>Parler et comprendre :170.- CHF<\/li>\n<li>Lire et \u00e9crire : 120.- CHF<\/li>\n<\/ul>\n<\/li>\n<\/ul>\n<p>[\/vc_column_text][\/vc_tta_section][vc_tta_section title=&#8221;Horaires&#8221; tab_id=&#8221;1454905877870-e78b601b-6fad692b-3772f3fa-1117&#8243;][vc_column_text]Tous les jours : 8h00 \u00e0 20h00[\/vc_column_text][\/vc_tta_section][\/vc_tta_tabs][\/vc_column][\/vc_row]<\/p>\n","protected":false},"excerpt":{"rendered":"<p>[vc_row full_width=&#8221;stretch_row&#8221; css=&#8221;.vc_custom_1690297647447{background-image: url(https:\/\/verbierlanguageschool.com\/french\/wp-content\/uploads\/2023\/03\/verbier-langiage-school-home-page.jpg?id=5799) !important;}&#8221; el_class=&#8221;site-wrap-mbl&#8221;][vc_column width=&#8221;1\/2&#8243; offset=&#8221;vc_col-xs-12&#8243;][stm_spacing lg_spacing=&#8221;20px&#8221; md_spacing=&#8221;20px&#8221; sm_spacing=&#8221;20px&#8221; xs_spacing=&#8221;20px&#8221;][stm_title title_tag=&#8221;h2&#8243; title_align=&#8221;center&#8221; title_color=&#8221;custom&#8221; sep_color=&#8221;custom&#8221; sep_enable=&#8221;true&#8221; title=&#8221;Cours de langues pour les enfants&#8221; sep_color_custom=&#8221;#4583c1&#8243; title_color_custom=&#8221;#000000&#8243;][\/stm_title][vc_single_image image=&#8221;6289&#8243; img_size=&#8221;full&#8221;][vc_column_text css=&#8221;.vc_custom_1692873743399{margin-top: 20px !important;margin-bottom: 0px !important;}&#8221;]Nous proposons un large \u00e9ventail de cours priv\u00e9s et en groupe pour les enfants, adapt\u00e9s \u00e0 tous les niveaux et \u00e0 tous les formats [&hellip;]<\/p>\n","protected":false},"author":1,"featured_media":0,"parent":0,"menu_order":0,"comment_status":"closed","ping_status":"closed","template":"","meta":{"footnotes":""},"class_list":["post-7273","page","type-page","status-publish","hentry"],"yoast_head":"<!-- This site is optimized with the Yoast SEO plugin v21.5 - https:\/\/yoast.com\/wordpress\/plugins\/seo\/ -->\n<title>Cours pour enfants - Verbier Language School<\/title>\n<meta name=\"robots\" content=\"index, follow, max-snippet:-1, max-image-preview:large, max-video-preview:-1\" \/>\n<link rel=\"canonical\" href=\"https:\/\/verbierlanguageschool.com\/french\/cours-pour-enfants\/\" \/>\n<meta property=\"og:locale\" content=\"en_US\" \/>\n<meta property=\"og:type\" content=\"article\" \/>\n<meta property=\"og:title\" content=\"Cours pour enfants - Verbier Language School\" \/>\n<meta property=\"og:description\" content=\"[vc_row full_width=&#8221;stretch_row&#8221; css=&#8221;.vc_custom_1690297647447{background-image: url(https:\/\/verbierlanguageschool.com\/french\/wp-content\/uploads\/2023\/03\/verbier-langiage-school-home-page.jpg?id=5799) !important;}&#8221; el_class=&#8221;site-wrap-mbl&#8221;][vc_column width=&#8221;1\/2&#8243; offset=&#8221;vc_col-xs-12&#8243;][stm_spacing lg_spacing=&#8221;20px&#8221; md_spacing=&#8221;20px&#8221; sm_spacing=&#8221;20px&#8221; xs_spacing=&#8221;20px&#8221;][stm_title title_tag=&#8221;h2&#8243; title_align=&#8221;center&#8221; title_color=&#8221;custom&#8221; sep_color=&#8221;custom&#8221; sep_enable=&#8221;true&#8221; title=&#8221;Cours de langues pour les enfants&#8221; sep_color_custom=&#8221;#4583c1&#8243; title_color_custom=&#8221;#000000&#8243;][\/stm_title][vc_single_image image=&#8221;6289&#8243; img_size=&#8221;full&#8221;][vc_column_text css=&#8221;.vc_custom_1692873743399{margin-top: 20px !important;margin-bottom: 0px !important;}&#8221;]Nous proposons un large \u00e9ventail de cours priv\u00e9s et en groupe pour les enfants, adapt\u00e9s \u00e0 tous les niveaux et \u00e0 tous les formats [&hellip;]\" \/>\n<meta property=\"og:url\" content=\"https:\/\/verbierlanguageschool.com\/french\/cours-pour-enfants\/\" \/>\n<meta property=\"og:site_name\" content=\"Verbier Language School\" \/>\n<meta property=\"article:modified_time\" content=\"2023-10-18T12:55:50+00:00\" \/>\n<meta name=\"twitter:card\" content=\"summary_large_image\" \/>\n<meta name=\"twitter:label1\" content=\"Est. reading time\" \/>\n\t<meta name=\"twitter:data1\" content=\"8 minutes\" \/>\n<script type=\"application\/ld+json\" class=\"yoast-schema-graph\">{\"@context\":\"https:\/\/schema.org\",\"@graph\":[{\"@type\":\"WebPage\",\"@id\":\"https:\/\/verbierlanguageschool.com\/french\/cours-pour-enfants\/\",\"url\":\"https:\/\/verbierlanguageschool.com\/french\/cours-pour-enfants\/\",\"name\":\"Cours pour enfants - Verbier Language School\",\"isPartOf\":{\"@id\":\"https:\/\/verbierlanguageschool.com\/french\/#website\"},\"datePublished\":\"2023-08-24T10:41:24+00:00\",\"dateModified\":\"2023-10-18T12:55:50+00:00\",\"breadcrumb\":{\"@id\":\"https:\/\/verbierlanguageschool.com\/french\/cours-pour-enfants\/#breadcrumb\"},\"inLanguage\":\"en-US\",\"potentialAction\":[{\"@type\":\"ReadAction\",\"target\":[\"https:\/\/verbierlanguageschool.com\/french\/cours-pour-enfants\/\"]}]},{\"@type\":\"BreadcrumbList\",\"@id\":\"https:\/\/verbierlanguageschool.com\/french\/cours-pour-enfants\/#breadcrumb\",\"itemListElement\":[{\"@type\":\"ListItem\",\"position\":1,\"name\":\"Home\",\"item\":\"https:\/\/verbierlanguageschool.com\/french\/\"},{\"@type\":\"ListItem\",\"position\":2,\"name\":\"Cours pour enfants\"}]},{\"@type\":\"WebSite\",\"@id\":\"https:\/\/verbierlanguageschool.com\/french\/#website\",\"url\":\"https:\/\/verbierlanguageschool.com\/french\/\",\"name\":\"Verbier Language School\",\"description\":\"\",\"potentialAction\":[{\"@type\":\"SearchAction\",\"target\":{\"@type\":\"EntryPoint\",\"urlTemplate\":\"https:\/\/verbierlanguageschool.com\/french\/?s={search_term_string}\"},\"query-input\":\"required name=search_term_string\"}],\"inLanguage\":\"en-US\"}]}<\/script>\n<!-- \/ Yoast SEO plugin. -->","yoast_head_json":{"title":"Cours pour enfants - Verbier Language School","robots":{"index":"index","follow":"follow","max-snippet":"max-snippet:-1","max-image-preview":"max-image-preview:large","max-video-preview":"max-video-preview:-1"},"canonical":"https:\/\/verbierlanguageschool.com\/french\/cours-pour-enfants\/","og_locale":"en_US","og_type":"article","og_title":"Cours pour enfants - Verbier Language School","og_description":"[vc_row full_width=&#8221;stretch_row&#8221; css=&#8221;.vc_custom_1690297647447{background-image: url(https:\/\/verbierlanguageschool.com\/french\/wp-content\/uploads\/2023\/03\/verbier-langiage-school-home-page.jpg?id=5799) !important;}&#8221; el_class=&#8221;site-wrap-mbl&#8221;][vc_column width=&#8221;1\/2&#8243; offset=&#8221;vc_col-xs-12&#8243;][stm_spacing lg_spacing=&#8221;20px&#8221; md_spacing=&#8221;20px&#8221; sm_spacing=&#8221;20px&#8221; xs_spacing=&#8221;20px&#8221;][stm_title title_tag=&#8221;h2&#8243; title_align=&#8221;center&#8221; title_color=&#8221;custom&#8221; sep_color=&#8221;custom&#8221; sep_enable=&#8221;true&#8221; title=&#8221;Cours de langues pour les enfants&#8221; sep_color_custom=&#8221;#4583c1&#8243; title_color_custom=&#8221;#000000&#8243;][\/stm_title][vc_single_image image=&#8221;6289&#8243; img_size=&#8221;full&#8221;][vc_column_text css=&#8221;.vc_custom_1692873743399{margin-top: 20px !important;margin-bottom: 0px !important;}&#8221;]Nous proposons un large \u00e9ventail de cours priv\u00e9s et en groupe pour les enfants, adapt\u00e9s \u00e0 tous les niveaux et \u00e0 tous les formats [&hellip;]","og_url":"https:\/\/verbierlanguageschool.com\/french\/cours-pour-enfants\/","og_site_name":"Verbier Language School","article_modified_time":"2023-10-18T12:55:50+00:00","twitter_card":"summary_large_image","twitter_misc":{"Est. reading time":"8 minutes"},"schema":{"@context":"https:\/\/schema.org","@graph":[{"@type":"WebPage","@id":"https:\/\/verbierlanguageschool.com\/french\/cours-pour-enfants\/","url":"https:\/\/verbierlanguageschool.com\/french\/cours-pour-enfants\/","name":"Cours pour enfants - Verbier Language School","isPartOf":{"@id":"https:\/\/verbierlanguageschool.com\/french\/#website"},"datePublished":"2023-08-24T10:41:24+00:00","dateModified":"2023-10-18T12:55:50+00:00","breadcrumb":{"@id":"https:\/\/verbierlanguageschool.com\/french\/cours-pour-enfants\/#breadcrumb"},"inLanguage":"en-US","potentialAction":[{"@type":"ReadAction","target":["https:\/\/verbierlanguageschool.com\/french\/cours-pour-enfants\/"]}]},{"@type":"BreadcrumbList","@id":"https:\/\/verbierlanguageschool.com\/french\/cours-pour-enfants\/#breadcrumb","itemListElement":[{"@type":"ListItem","position":1,"name":"Home","item":"https:\/\/verbierlanguageschool.com\/french\/"},{"@type":"ListItem","position":2,"name":"Cours pour enfants"}]},{"@type":"WebSite","@id":"https:\/\/verbierlanguageschool.com\/french\/#website","url":"https:\/\/verbierlanguageschool.com\/french\/","name":"Verbier Language School","description":"","potentialAction":[{"@type":"SearchAction","target":{"@type":"EntryPoint","urlTemplate":"https:\/\/verbierlanguageschool.com\/french\/?s={search_term_string}"},"query-input":"required name=search_term_string"}],"inLanguage":"en-US"}]}},"_links":{"self":[{"href":"https:\/\/verbierlanguageschool.com\/french\/wp-json\/wp\/v2\/pages\/7273","targetHints":{"allow":["GET"]}}],"collection":[{"href":"https:\/\/verbierlanguageschool.com\/french\/wp-json\/wp\/v2\/pages"}],"about":[{"href":"https:\/\/verbierlanguageschool.com\/french\/wp-json\/wp\/v2\/types\/page"}],"author":[{"embeddable":true,"href":"https:\/\/verbierlanguageschool.com\/french\/wp-json\/wp\/v2\/users\/1"}],"replies":[{"embeddable":true,"href":"https:\/\/verbierlanguageschool.com\/french\/wp-json\/wp\/v2\/comments?post=7273"}],"version-history":[{"count":22,"href":"https:\/\/verbierlanguageschool.com\/french\/wp-json\/wp\/v2\/pages\/7273\/revisions"}],"predecessor-version":[{"id":7459,"href":"https:\/\/verbierlanguageschool.com\/french\/wp-json\/wp\/v2\/pages\/7273\/revisions\/7459"}],"wp:attachment":[{"href":"https:\/\/verbierlanguageschool.com\/french\/wp-json\/wp\/v2\/media?parent=7273"}],"curies":[{"name":"wp","href":"https:\/\/api.w.org\/{rel}","templated":true}]}}