{"id":7258,"date":"2023-08-24T07:56:08","date_gmt":"2023-08-24T07:56:08","guid":{"rendered":"https:\/\/verbierlanguageschool.com\/french\/?page_id=7258"},"modified":"2023-10-18T13:24:31","modified_gmt":"2023-10-18T13:24:31","slug":"a-propos-de-nous","status":"publish","type":"page","link":"https:\/\/verbierlanguageschool.com\/french\/a-propos-de-nous\/","title":{"rendered":"A propos de nous"},"content":{"rendered":"<p>[vc_row full_width=&#8221;stretch_row&#8221; css=&#8221;.vc_custom_1690373629320{padding-top: 80px !important;padding-bottom: 80px !important;background-color: #fffaed !important;}&#8221; el_class=&#8221;site-wrap-mbl srt&#8221;][vc_column offset=&#8221;vc_col-lg-6 vc_col-md-6&#8243; el_class=&#8221;site-wrap-mbl srt&#8221;][stm_title title_tag=&#8221;h2&#8243; sep_color=&#8221;custom&#8221; sep_enable=&#8221;true&#8221; title=&#8221;Bienvenue \u00e0 Verbier Language School !&#8221; sep_color_custom=&#8221;#c60000&#8243;][\/stm_title][stm_blockquote footer_space_t=&#8221;35px&#8221; css=&#8221;.vc_custom_1692863882741{padding-right: 20px !important;}&#8221; cite=&#8221;<strong>El\u00e9onore Ribordy &amp; Rosi Pickard<\/strong>, Fondatrices&#8221;]Notre but est de vous permettre de vous exprimer rapidement dans la langue que vous souhaitez apprendre. Nous proposons aux enfants et aux adultes des cours en groupe (maximum 8 \u00e9tudiants) ou des cours priv\u00e9s pour tous les niveaux, le tout dans une atmosph\u00e8re d\u00e9tendue avec des professeurs exp\u00e9riment\u00e9s.<\/p>\n<p>D\u00e9butant, interm\u00e9diaire ou avanc\u00e9, VLS offre une exp\u00e9rience linguistique unique ; apprenez dans des situations r\u00e9elles, mettez tout en pratique avec des activit\u00e9s quotidiennes et trouvez la confiance n\u00e9cessaire pour utiliser la langue dans toutes les situations.[\/stm_blockquote][\/vc_column][vc_column offset=&#8221;vc_col-lg-6 vc_col-md-6&#8243; css=&#8221;.vc_custom_1688029032741{padding-top: 40px !important;padding-bottom: 40px !important;}&#8221;][vc_raw_html css=&#8221;.vc_custom_1688036076588{margin-bottom: -5px !important;}&#8221;]JTNDZGl2JTIwY2xhc3MlM0QlMjJ3cGJfdmlkZW9fd2lkZ2V0JTIwd3BiX2NvbnRlbnRfZWxlbWVudCUyMHZjX2NsZWFyZml4JTIwJTIwJTIwdmNfdmlkZW8tYXNwZWN0LXJhdGlvLTE2OSUyMHZjX3ZpZGVvLWVsLXdpZHRoLTEwMCUyMHZjX3ZpZGVvLWFsaWduLWxlZnQlMjB2ZWRpby1qa2x0JTIyJTNFJTBBJTA5JTNDZGl2JTIwY2xhc3MlM0QlMjJ3cGJfd3JhcHBlciUyMiUzRSUwQSUwOSUwOSUwQSUwOSUwOSUzQ2RpdiUyMGNsYXNzJTNEJTIyd3BiX3ZpZGVvX3dyYXBwZXIlMjIlM0UlM0NpZnJhbWUlMjB0aXRsZSUzRCUyMlZMUyUyMC0lMjBWZXJiaWVyJTIwTGFuZ3VhZ2UlMjBTY2hvb2wlMjIlMjB3aWR0aCUzRCUyMjExMTAlMjIlMjBoZWlnaHQlM0QlMjI2MjQlMjIlMjBzcmMlM0QlMjJodHRwcyUzQSUyRiUyRnd3dy55b3V0dWJlLmNvbSUyRmVtYmVkJTJGNnV3WTYzRE8tUm8lM0ZWZXJzaW9uJTNEMyUyNmFtcCUzQmxvb3AlM0QxJTI2YW1wJTNCcGxheWxpc3QlM0Q2dXdZNjNETy1SbyUyMiUyMGZyYW1lYm9yZGVyJTNEJTIyMCUyMiUyMGFsbG93JTNEJTIyYWNjZWxlcm9tZXRlciUzQiUyMGF1dG9wbGF5JTNCJTIwY2xpcGJvYXJkLXdyaXRlJTNCJTIwZW5jcnlwdGVkLW1lZGlhJTNCJTIwZ3lyb3Njb3BlJTNCJTIwcGljdHVyZS1pbi1waWN0dXJlJTNCJTIwd2ViLXNoYXJlJTIyJTIwYWxsb3dmdWxsc2NyZWVuJTNEJTIyJTIyJTNFJTNDJTJGaWZyYW1lJTNFJTNDJTJGZGl2JTNFJTBBJTA5JTNDJTJGZGl2JTNFJTBBJTNDJTJGZGl2JTNF[\/vc_raw_html][vc_single_image image=&#8221;6308&#8243; img_size=&#8221;medium&#8221; alignment=&#8221;center&#8221; css=&#8221;.vc_custom_1688036064843{padding-top: 50px !important;padding-bottom: 20px !important;background-color: #000000 !important;}&#8221;][\/vc_column][\/vc_row][vc_row full_width=&#8221;stretch_row&#8221; css=&#8221;.vc_custom_1679942192280{padding-top: 20px !important;padding-bottom: 50px !important;background: #f8f8f8 url(https:\/\/verbierlanguageschool.com\/french\/wp-content\/uploads\/2023\/03\/About_Us-1.jpg?id=6008) !important;}&#8221; el_class=&#8221;ftky-1&#8243;][vc_column width=&#8221;1\/4&#8243; el_class=&#8221;mg-tp&#8221;][vc_single_image image=&#8221;6009&#8243; img_size=&#8221;full&#8221;][\/vc_column][vc_column width=&#8221;3\/4&#8243;][vc_column_text css=&#8221;.vc_custom_1692863934716{padding-top: 40px !important;padding-right: 30px !important;padding-bottom: 40px !important;padding-left: 30px !important;}&#8221;]<strong><span style=\"font-size: 14pt; color: #202a44;\">Apr\u00e8s s&#8217;\u00eatre rencontr\u00e9es en 2005 et avoir travaill\u00e9 ensemble, El\u00e9onore et Rosi ont d\u00e9couvert qu&#8217;elles partageaient un amour commun pour les langues et un r\u00eave tr\u00e8s similaire, celui d&#8217;avoir leur propre \u00e9cole de langues. Gr\u00e2ce aux connaissances locales d&#8217;El\u00e9onore, \u00e0 la cr\u00e9ativit\u00e9 de Rosi et \u00e0 leur pr\u00e9cieuse exp\u00e9rience en mati\u00e8re d&#8217;enseignement, le projet est rapidement devenu r\u00e9alit\u00e9. L&#8217;\u00e9cole a ouvert ses portes en 2006, s&#8217;est d\u00e9velopp\u00e9e au fil des ans. L\u2019\u00e9cole travaille aujourd&#8217;hui en \u00e9troite collaboration avec d&#8217;autres entreprises de Verbier. Elle est \u00e9galement un centre d&#8217;examen certifi\u00e9 pour le test fide.<\/span><\/strong><\/p>\n<p><strong><span style=\"font-size: 14pt; color: #202a44;\">Verbier: Au c\u0153ur des Alpes suisses se trouve Verbier. Cette station offre des paysages magnifiques et sauvages, une faune merveilleuse, des restaurants et boutiques de bonne qualit\u00e9, et, bien s\u00fbr, l\u2019\u00e9cole de langues la plus dynamique, avec des enseignants exceptionnels. Alors pourquoi ne pas profiter de vacances \u00e0 la montagne pour am\u00e9liorer vos connaissances d&#8217;une langue \u00e9trang\u00e8re ?<\/span><\/strong>[\/vc_column_text][\/vc_column][\/vc_row][vc_row full_width=&#8221;stretch_row&#8221; css=&#8221;.vc_custom_1690272713491{padding-top: 45px !important;padding-bottom: 20px !important;background-color: #fffaed !important;}&#8221;][vc_column offset=&#8221;vc_col-lg-7 vc_col-md-7 vc_col-xs-12&#8243; el_class=&#8221;site-warp-mbl srt&#8221;][stm_title title_tag=&#8221;h2&#8243; sep_color=&#8221;custom&#8221; sep_enable=&#8221;true&#8221; title=&#8221;El\u00e9onore Ribordy&#8221; sep_margin_b=&#8221;60px&#8221; sep_color_custom=&#8221;#c60000&#8243;][\/stm_title][vc_single_image image=&#8221;5989&#8243; img_size=&#8221;full&#8221; alignment=&#8221;center&#8221; style=&#8221;vc_box_border&#8221; border_color=&#8221;juicy_pink&#8221; css_animation=&#8221;zoomIn&#8221; css=&#8221;.vc_custom_1697635470147{border-radius: 15px !important;}&#8221; el_class=&#8221;smt-tr&#8221;][\/vc_column][vc_column css=&#8221;.vc_custom_1690272742329{padding-left: 30px !important;}&#8221; offset=&#8221;vc_col-lg-5 vc_col-md-5 vc_col-xs-12&#8243; el_class=&#8221;jpty site-wrap-mbl srt&#8221;][vc_raw_html]JTNDZGl2JTIwY2xhc3MlM0QlMjJqbHQtMSUyMiUzRSUzQ3AlMjAlMEElM0UlM0NzcGFuJTIwY2xhc3MlM0QlMjJxc2F0Y2JiYyUyMiUzRVBvdXIlMjBhcHByJUMzJUE5Y2llciUyMGxlcyUyMHZveWFnZXMlMjAlQzMlQTAlMjBsZXVyJTIwanVzdGUlMjB2YWxldXIlMjBxdW9pJTIwZGUlMjBtaWV1eCUyMHF1ZSUyMGRlJTIwcG91dm9pciUyMHMlRTIlODAlOTlleHByaW1lciUyMGRhbnMlMjBsYSUyMGxhbmd1ZSUyMGR1JTIwcGF5cyUyMHF1ZSUyMHZvdXMlMjB2aXNpdGV6JTIxJTIwUGFybGVyJTIwcGx1c2lldXJzJTIwbGFuZ3VlcyUyMHBlcm1ldCUyMGRlJTIwY3IlQzMlQTllciUyMGRlcyUyMGxpZW5zJTIwaW5jcm95YWJsZXMlMjBhdmVjJTIwbGVzJTIwcGVyc29ubmVzJTIwcXVlJTIwdm91cyUyMHJlbmNvbnRyZXouJTIwRGUlMjBwbHVzJTJDJTIwbGElMjBneW1uYXN0aXF1ZSUyMGMlQzMlQTlyJUMzJUE5YnJhbGUlMjBlc3QlMjBhcHBhcmVtbWVudCUyMGxlJTIwbWVpbGxldXIlMjBtb3llbiUyMGRlJTIwcmVzdGVyJTIwamV1bmUlM0ElMjBhdmlzJTIwYXV4JTIwYW1hdGV1cnMlMjElMjAlM0MlMkZzcGFuJTNFJTNDJTJGcCUzRSUzQ2RpdiUyMGNsYXNzJTNEJTIyc3RtLXRleHQtYm94X19hY3Rpb24lMjIlM0UlMEElMDklMDklMDklMDklMEElMDklMDklMDklM0MlMkZkaXYlM0UlM0MlMkZkaXYlM0U=[\/vc_raw_html][vc_column_text css=&#8221;.vc_custom_1697619230219{margin-bottom: 26px !important;}&#8221;]<\/p>\n<p class=\"dark-bl\" style=\"padding-top: 20px;\">El\u00e9onore vient d&#8217;un petit village en Valais, Sembrancher, tr\u00e8s proche de Verbier. Elle a obtenu son master en lettres en anglais, espagnol et histoire \u00e0 l&#8217;universit\u00e9 de Lausanne en Suisse. Elle a \u00e9galement effectu\u00e9 un s\u00e9jour en Espagne, \u00e0 l&#8217;Universit\u00e9 de Santander, pour apprendre la litt\u00e9rature et la linguistique espagnole. Apr\u00e8s ses \u00e9tudes, elle a enseign\u00e9 au lyc\u00e9e Institut Gamma \u00e0 Lausanne en tant que professeure d&#8217;histoire.<\/p>\n<p>[\/vc_column_text][stm_social_networks][\/vc_column][vc_column css=&#8221;.vc_custom_1692430016637{margin-top: 20px !important;padding-top: 0px !important;}&#8221; el_class=&#8221;site-wrap-mbl&#8221;][vc_column_text]El\u00e9onore a acquis de l&#8217;exp\u00e9rience dans l&#8217;enseignement du fran\u00e7ais, de l&#8217;espagnol et de l&#8217;anglais gr\u00e2ce \u00e0 ses voyages \u00e0 l&#8217;\u00e9tranger, notamment \u00e0 Londres. Elle est retourn\u00e9e \u00e0 Verbier en 2005 o\u00f9 elle a rencontr\u00e9 Rosi. Ensemble, elles ont cr\u00e9\u00e9 Verbier Language School en 2006.<\/p>\n<p>Au cours des derni\u00e8res ann\u00e9es, El\u00e9onore a continu\u00e9 \u00e0 approfondir ses connaissances en effectuant diverses formations telles que pr\u00e9paration pour les examens DELF\/DALF, examinatrice pour le test fide ainsi que des stages Silent Way.[\/vc_column_text][\/vc_column][\/vc_row][vc_row full_width=&#8221;stretch_row&#8221; css=&#8221;.vc_custom_1690272726300{padding-top: 45px !important;padding-bottom: 60px !important;background-color: #fffaed !important;}&#8221;][vc_column offset=&#8221;vc_col-lg-7 vc_col-md-7 vc_col-xs-12&#8243; el_class=&#8221;site-wrap-mbl srt&#8221;][stm_title title_tag=&#8221;h2&#8243; sep_color=&#8221;custom&#8221; sep_enable=&#8221;true&#8221; title=&#8221;Rosi Pickard&#8221; sep_margin_b=&#8221;60px&#8221; sep_color_custom=&#8221;#008a62&#8243;][\/stm_title][vc_single_image image=&#8221;5990&#8243; img_size=&#8221;full&#8221; alignment=&#8221;center&#8221; style=&#8221;vc_box_border&#8221; border_color=&#8221;vista_blue&#8221; css_animation=&#8221;zoomIn&#8221;][\/vc_column][vc_column css=&#8221;.vc_custom_1690272770684{padding-left: 30px !important;}&#8221; offset=&#8221;vc_col-lg-5 vc_col-md-5 vc_col-xs-12&#8243; el_class=&#8221;jpty site-wrap-mbl srt&#8221;][vc_raw_html]JTNDZGl2JTIwY2xhc3MlM0QlMjJqbHQtMSUyMiUyMHN0eWxlJTNEJTIyYmFja2dyb3VuZCUzQSUyMCUyMzAwOGE2MiUyMCUyMWltcG9ydGFudCUzQiUyMiUzRSUzQ3AlMjAlMEElM0UlM0NzcGFuJTIwY2xhc3MlM0QlMjJta2RiLXNwJTIyJTNFR3IlQzMlQTJjZSUyMGF1eCUyMGxhbmd1ZXMlMkMlMjBpbCUyMGVzdCUyMHBsdXMlMjBmYWNpbGUlMjBkJUUyJTgwJTk5aGFiaXRlciUyQyUyMGRlJTIwdHJhdmFpbGxlciUyMG91JTIwZGUlMjB2b3lhZ2VyJTIwZGFucyUyMGxlJTIwbW9uZGUlMjBlbnRpZXIuJTIwTGVzJTIwbGFuZ3VlcyUyMHBlcm1ldHRlbnQlMjBkZSUyMHBhcmxlciUyMGF1eCUyMHBlcnNvbm5lcyUyMHF1ZSUyMHZvdXMlMjByZW5jb250cmV6JTJDJTIwZGUlMjBzZSUyMGZhaXJlJTIwZGUlMjBub3V2ZWF1eCUyMGFtaXMlMjBkJUUyJTgwJTk5aG9yaXpvbnMlMjBkaWZmJUMzJUE5cmVudHMlMjBldCUyMHBhci1kZXNzdXMlMjB0b3V0JTIwZCVFMiU4MCU5OSVDMyVBOWNvdXRlciUyMGxlcyUyMGNvbnZlcnNhdGlvbnMlMjBkZXMlMjBhdXRyZXMlMjElMjAlM0MlMkZzcGFuJTNFJTNDJTJGcCUzRSUzQ2RpdiUyMGNsYXNzJTNEJTIyc3RtLXRleHQtYm94X19hY3Rpb24lMjIlM0UlMEElMDklMDklMDklMDklMEElMDklMDklMDklM0MlMkZkaXYlM0UlM0MlMkZkaXYlM0U=[\/vc_raw_html][vc_column_text css=&#8221;.vc_custom_1697619265130{margin-bottom: 26px !important;}&#8221;]<\/p>\n<p style=\"padding-top: 20px;\">Rosi est n\u00e9e \u00e0 Leeds dans le nord de l&#8217;Angleterre. Elle a obtenu son dipl\u00f4me en Langues Europ\u00e9ennes (fran\u00e7ais, allemand, italien) et son TEFL \u00e0 l&#8217;universit\u00e9 de Wales, Aberystwyth. Elle a \u00e9galement \u00e9tudi\u00e9 en Allemagne \u00e0 l&#8217;universit\u00e9 de Heildelberg et en Sardaigne \u00e0 l&#8217;universit\u00e9 de Cagliari. D\u00e8s la fin de ses \u00e9tudes, elle a enseign\u00e9 l&#8217;anglais dans diff\u00e9rents pays tels que l&#8217;Angleterre, l&#8217;Allemagne, l&#8217;Autriche, l&#8217;Italie ainsi que la Chine o\u00f9 elle travaillait pour le Businness College Yantai CIE. Elle y donnait des cours \u00e0 des adultes d\u00e9sirant \u00e9tudier dans une universit\u00e9 britannique. Elle a d\u00e9m\u00e9nag\u00e9 \u00e0 Verbier en 2005 pour devenir monitrice de ski. C\u2019est \u00e0 Verbier qu\u2019elle a rencontr\u00e9 El\u00e9onore avec laquelle elle a d\u00e9cid\u00e9 d\u2019ouvrir Verbier Language School en 2006.<\/p>\n<p>[\/vc_column_text][stm_social_networks][\/vc_column][vc_column css=&#8221;.vc_custom_1690297364614{padding-top: 0px !important;}&#8221; el_class=&#8221;site-wrap-mbl&#8221;][vc_column_text]Au cours des derni\u00e8res ann\u00e9es, elle s&#8217;est qualifi\u00e9e en tant qu&#8217;examinatrice de fran\u00e7ais pour le test fide, ainsi que pour l&#8217;enseignement de la litt\u00e9rature IGCSE en anglais. Elle est \u00e9galement titulaire d&#8217;un dipl\u00f4me de niveau 3 en besoins \u00e9ducatifs sp\u00e9ciaux. Elle a r\u00e9cemment obtenu un dipl\u00f4me pour l&#8217;enseignement des langues aux personnes souffrant de dyslexie.[\/vc_column_text][\/vc_column][\/vc_row]<\/p>\n","protected":false},"excerpt":{"rendered":"<p>[vc_row full_width=&#8221;stretch_row&#8221; css=&#8221;.vc_custom_1690373629320{padding-top: 80px !important;padding-bottom: 80px !important;background-color: #fffaed !important;}&#8221; el_class=&#8221;site-wrap-mbl srt&#8221;][vc_column offset=&#8221;vc_col-lg-6 vc_col-md-6&#8243; el_class=&#8221;site-wrap-mbl srt&#8221;][stm_title title_tag=&#8221;h2&#8243; sep_color=&#8221;custom&#8221; sep_enable=&#8221;true&#8221; title=&#8221;Bienvenue \u00e0 Verbier Language School !&#8221; sep_color_custom=&#8221;#c60000&#8243;][\/stm_title][stm_blockquote footer_space_t=&#8221;35px&#8221; css=&#8221;.vc_custom_1692863882741{padding-right: 20px !important;}&#8221; cite=&#8221;El\u00e9onore Ribordy &amp; Rosi Pickard, Fondatrices&#8221;]Notre but est de vous permettre de vous exprimer rapidement dans la langue que vous souhaitez apprendre. Nous proposons aux enfants [&hellip;]<\/p>\n","protected":false},"author":1,"featured_media":0,"parent":0,"menu_order":0,"comment_status":"closed","ping_status":"closed","template":"","meta":{"footnotes":""},"class_list":["post-7258","page","type-page","status-publish","hentry"],"yoast_head":"<!-- This site is optimized with the Yoast SEO plugin v21.5 - https:\/\/yoast.com\/wordpress\/plugins\/seo\/ -->\n<title>A propos de nous - Verbier Language School<\/title>\n<meta name=\"robots\" content=\"index, follow, max-snippet:-1, max-image-preview:large, max-video-preview:-1\" \/>\n<link rel=\"canonical\" href=\"https:\/\/verbierlanguageschool.com\/french\/a-propos-de-nous\/\" \/>\n<meta property=\"og:locale\" content=\"en_US\" \/>\n<meta property=\"og:type\" content=\"article\" \/>\n<meta property=\"og:title\" content=\"A propos de nous - Verbier Language School\" \/>\n<meta property=\"og:description\" content=\"[vc_row full_width=&#8221;stretch_row&#8221; css=&#8221;.vc_custom_1690373629320{padding-top: 80px !important;padding-bottom: 80px !important;background-color: #fffaed !important;}&#8221; el_class=&#8221;site-wrap-mbl srt&#8221;][vc_column offset=&#8221;vc_col-lg-6 vc_col-md-6&#8243; el_class=&#8221;site-wrap-mbl srt&#8221;][stm_title title_tag=&#8221;h2&#8243; sep_color=&#8221;custom&#8221; sep_enable=&#8221;true&#8221; title=&#8221;Bienvenue \u00e0 Verbier Language School !&#8221; sep_color_custom=&#8221;#c60000&#8243;][\/stm_title][stm_blockquote footer_space_t=&#8221;35px&#8221; css=&#8221;.vc_custom_1692863882741{padding-right: 20px !important;}&#8221; cite=&#8221;El\u00e9onore Ribordy &amp; Rosi Pickard, Fondatrices&#8221;]Notre but est de vous permettre de vous exprimer rapidement dans la langue que vous souhaitez apprendre. Nous proposons aux enfants [&hellip;]\" \/>\n<meta property=\"og:url\" content=\"https:\/\/verbierlanguageschool.com\/french\/a-propos-de-nous\/\" \/>\n<meta property=\"og:site_name\" content=\"Verbier Language School\" \/>\n<meta property=\"article:modified_time\" content=\"2023-10-18T13:24:31+00:00\" \/>\n<meta name=\"twitter:card\" content=\"summary_large_image\" \/>\n<meta name=\"twitter:label1\" content=\"Est. reading time\" \/>\n\t<meta name=\"twitter:data1\" content=\"7 minutes\" \/>\n<script type=\"application\/ld+json\" class=\"yoast-schema-graph\">{\"@context\":\"https:\/\/schema.org\",\"@graph\":[{\"@type\":\"WebPage\",\"@id\":\"https:\/\/verbierlanguageschool.com\/french\/a-propos-de-nous\/\",\"url\":\"https:\/\/verbierlanguageschool.com\/french\/a-propos-de-nous\/\",\"name\":\"A propos de nous - Verbier Language School\",\"isPartOf\":{\"@id\":\"https:\/\/verbierlanguageschool.com\/french\/#website\"},\"datePublished\":\"2023-08-24T07:56:08+00:00\",\"dateModified\":\"2023-10-18T13:24:31+00:00\",\"breadcrumb\":{\"@id\":\"https:\/\/verbierlanguageschool.com\/french\/a-propos-de-nous\/#breadcrumb\"},\"inLanguage\":\"en-US\",\"potentialAction\":[{\"@type\":\"ReadAction\",\"target\":[\"https:\/\/verbierlanguageschool.com\/french\/a-propos-de-nous\/\"]}]},{\"@type\":\"BreadcrumbList\",\"@id\":\"https:\/\/verbierlanguageschool.com\/french\/a-propos-de-nous\/#breadcrumb\",\"itemListElement\":[{\"@type\":\"ListItem\",\"position\":1,\"name\":\"Home\",\"item\":\"https:\/\/verbierlanguageschool.com\/french\/\"},{\"@type\":\"ListItem\",\"position\":2,\"name\":\"A propos de nous\"}]},{\"@type\":\"WebSite\",\"@id\":\"https:\/\/verbierlanguageschool.com\/french\/#website\",\"url\":\"https:\/\/verbierlanguageschool.com\/french\/\",\"name\":\"Verbier Language School\",\"description\":\"\",\"potentialAction\":[{\"@type\":\"SearchAction\",\"target\":{\"@type\":\"EntryPoint\",\"urlTemplate\":\"https:\/\/verbierlanguageschool.com\/french\/?s={search_term_string}\"},\"query-input\":\"required name=search_term_string\"}],\"inLanguage\":\"en-US\"}]}<\/script>\n<!-- \/ Yoast SEO plugin. -->","yoast_head_json":{"title":"A propos de nous - Verbier Language School","robots":{"index":"index","follow":"follow","max-snippet":"max-snippet:-1","max-image-preview":"max-image-preview:large","max-video-preview":"max-video-preview:-1"},"canonical":"https:\/\/verbierlanguageschool.com\/french\/a-propos-de-nous\/","og_locale":"en_US","og_type":"article","og_title":"A propos de nous - Verbier Language School","og_description":"[vc_row full_width=&#8221;stretch_row&#8221; css=&#8221;.vc_custom_1690373629320{padding-top: 80px !important;padding-bottom: 80px !important;background-color: #fffaed !important;}&#8221; el_class=&#8221;site-wrap-mbl srt&#8221;][vc_column offset=&#8221;vc_col-lg-6 vc_col-md-6&#8243; el_class=&#8221;site-wrap-mbl srt&#8221;][stm_title title_tag=&#8221;h2&#8243; sep_color=&#8221;custom&#8221; sep_enable=&#8221;true&#8221; title=&#8221;Bienvenue \u00e0 Verbier Language School !&#8221; sep_color_custom=&#8221;#c60000&#8243;][\/stm_title][stm_blockquote footer_space_t=&#8221;35px&#8221; css=&#8221;.vc_custom_1692863882741{padding-right: 20px !important;}&#8221; cite=&#8221;El\u00e9onore Ribordy &amp; Rosi Pickard, Fondatrices&#8221;]Notre but est de vous permettre de vous exprimer rapidement dans la langue que vous souhaitez apprendre. Nous proposons aux enfants [&hellip;]","og_url":"https:\/\/verbierlanguageschool.com\/french\/a-propos-de-nous\/","og_site_name":"Verbier Language School","article_modified_time":"2023-10-18T13:24:31+00:00","twitter_card":"summary_large_image","twitter_misc":{"Est. reading time":"7 minutes"},"schema":{"@context":"https:\/\/schema.org","@graph":[{"@type":"WebPage","@id":"https:\/\/verbierlanguageschool.com\/french\/a-propos-de-nous\/","url":"https:\/\/verbierlanguageschool.com\/french\/a-propos-de-nous\/","name":"A propos de nous - Verbier Language School","isPartOf":{"@id":"https:\/\/verbierlanguageschool.com\/french\/#website"},"datePublished":"2023-08-24T07:56:08+00:00","dateModified":"2023-10-18T13:24:31+00:00","breadcrumb":{"@id":"https:\/\/verbierlanguageschool.com\/french\/a-propos-de-nous\/#breadcrumb"},"inLanguage":"en-US","potentialAction":[{"@type":"ReadAction","target":["https:\/\/verbierlanguageschool.com\/french\/a-propos-de-nous\/"]}]},{"@type":"BreadcrumbList","@id":"https:\/\/verbierlanguageschool.com\/french\/a-propos-de-nous\/#breadcrumb","itemListElement":[{"@type":"ListItem","position":1,"name":"Home","item":"https:\/\/verbierlanguageschool.com\/french\/"},{"@type":"ListItem","position":2,"name":"A propos de nous"}]},{"@type":"WebSite","@id":"https:\/\/verbierlanguageschool.com\/french\/#website","url":"https:\/\/verbierlanguageschool.com\/french\/","name":"Verbier Language School","description":"","potentialAction":[{"@type":"SearchAction","target":{"@type":"EntryPoint","urlTemplate":"https:\/\/verbierlanguageschool.com\/french\/?s={search_term_string}"},"query-input":"required name=search_term_string"}],"inLanguage":"en-US"}]}},"_links":{"self":[{"href":"https:\/\/verbierlanguageschool.com\/french\/wp-json\/wp\/v2\/pages\/7258","targetHints":{"allow":["GET"]}}],"collection":[{"href":"https:\/\/verbierlanguageschool.com\/french\/wp-json\/wp\/v2\/pages"}],"about":[{"href":"https:\/\/verbierlanguageschool.com\/french\/wp-json\/wp\/v2\/types\/page"}],"author":[{"embeddable":true,"href":"https:\/\/verbierlanguageschool.com\/french\/wp-json\/wp\/v2\/users\/1"}],"replies":[{"embeddable":true,"href":"https:\/\/verbierlanguageschool.com\/french\/wp-json\/wp\/v2\/comments?post=7258"}],"version-history":[{"count":14,"href":"https:\/\/verbierlanguageschool.com\/french\/wp-json\/wp\/v2\/pages\/7258\/revisions"}],"predecessor-version":[{"id":7468,"href":"https:\/\/verbierlanguageschool.com\/french\/wp-json\/wp\/v2\/pages\/7258\/revisions\/7468"}],"wp:attachment":[{"href":"https:\/\/verbierlanguageschool.com\/french\/wp-json\/wp\/v2\/media?parent=7258"}],"curies":[{"name":"wp","href":"https:\/\/api.w.org\/{rel}","templated":true}]}}